{"id":1078,"date":"2023-09-29T12:04:35","date_gmt":"2023-09-29T16:04:35","guid":{"rendered":"https:\/\/quantum-staffing.com\/?page_id=1078"},"modified":"2023-09-29T12:04:37","modified_gmt":"2023-09-29T16:04:37","slug":"temporary-laborer-assignment-notification-2","status":"publish","type":"page","link":"https:\/\/quantum-staffing.com\/es\/temporary-laborer-assignment-notification-2\/","title":{"rendered":"Temporary Laborer Assignment Notification"},"content":{"rendered":"\n<div class=\"wp-block-group is-vertical is-content-justification-center is-layout-flex wp-container-core-group-is-layout-4b2eccd6 wp-block-group-is-layout-flex\">\n<h3 class=\"wp-block-heading has-text-align-center\">Temporary Laborer Assignment Notification <\/h3>\n\n\n\n<h3 class=\"wp-block-heading has-text-align-center\">under N.J.S.A. 34:8D-3<\/h3>\n<\/div>\n\n\n\n<p>\u00a1Bienvenidos a nuestra plataforma de notificaci\u00f3n y firma digital ! A continuaci\u00f3n, encontrar\u00e1n los pasos para descargar y firmar el documento.<\/p>\n\n\n\n<p><strong>Paso 1: Leer y Comprender<\/strong><\/p>\n\n\n\n<ol class=\"wp-block-list\">\n<li>Lee atentamente el contenido del documento para entender tus asignaciones y derechos.<\/li>\n<\/ol>\n\n\n<a href=\"https:\/\/quantum-staffing.com\/wp-content\/uploads\/2023\/09\/ELITE-FLOWERS-GENERAL-LABOR-NHN.pdf\" class=\"pdfemb-viewer\" style=\"width: 800px; height: 600px; \" data-width=\"800\" data-height=\"600\" data-mobile-width=\"0\"  data-scrollbar=\"vertical\" data-download=\"off\" data-tracking=\"on\" data-newwindow=\"off\" data-pagetextbox=\"off\" data-scrolltotop=\"on\" data-startzoom=\"100\" data-startfpzoom=\"100\" data-toolbar=\"top\" data-toolbar-fixed=\"on\">ELITE-FLOWERS-GENERAL-LABOR-NHN<br\/><\/a>\n<p class=\"wp-block-pdfemb-pdf-embedder-viewer\"><\/p>\n\n\n\n<p><strong>Paso 2: Firma Digital<\/strong> ( Est\u00e1 en la parte inferior) <\/p>\n\n\n\n<ol class=\"wp-block-list\">\n<li>Sigue el enlace para la firma digital.<\/li>\n\n\n\n<li>Ve al apartado de firma y dibuja tu firma.<\/li>\n<\/ol>\n\n\n<div class=\"frm_forms  with_frm_style frm_style_formidable-style\" id=\"frm_form_4_container\" data-token=\"a0be2bf0c47213e7003db6505a5cf936\">\n<form enctype=\"multipart\/form-data\" method=\"post\" class=\"frm-show-form  frm_pro_form \" id=\"form_temporarylaborerassignmentnotification-ontraclasership-regul2\" data-token=\"a0be2bf0c47213e7003db6505a5cf936\">\n<div class=\"frm_form_fields \">\n<fieldset>\n<legend class=\"frm_screen_reader\">Temporary Laborer Assignment Notification<\/legend>\r\n\r\n<div class=\"frm_fields_container\">\n<input type=\"hidden\" name=\"frm_action\" value=\"create\" \/>\n<input type=\"hidden\" name=\"form_id\" value=\"4\" \/>\n<input type=\"hidden\" name=\"frm_hide_fields_4\" id=\"frm_hide_fields_4\" value=\"\" \/>\n<input type=\"hidden\" name=\"form_key\" value=\"temporarylaborerassignmentnotification-ontraclasership-regul2\" \/>\n<input type=\"hidden\" name=\"item_meta[0]\" value=\"\" \/>\n<input type=\"hidden\" id=\"frm_submit_entry_4\" name=\"frm_submit_entry_4\" value=\"498f4bfd80\" \/><input type=\"hidden\" name=\"_wp_http_referer\" value=\"\/es\/wp-json\/wp\/v2\/pages\/1078\" \/><div id=\"frm_field_37_container\" class=\"frm_form_field form-field  frm_required_field frm_top_container\">\r\n    <div  id=\"field_3f0yn2_label\" class=\"frm_primary_label\">Informaci\u00f3n personal\r\n        <span class=\"frm_required\" aria-hidden=\"true\">*<\/span>\r\n    <\/div>\r\n    <fieldset aria-labelledby=\"field_3f0yn2_label\">\n\t<legend class=\"frm_screen_reader frm_hidden\">\n\t\tInformaci\u00f3n personal\t<\/legend>\n\n\t<div  class=\"frm_combo_inputs_container\" id=\"frm_combo_inputs_container_37\" data-name-layout=\"first_last\">\n\t\t\t\t\t<div\n\t\t\t\tid=\"frm_field_37-first_container\"\n\t\t\t\tclass=\"frm_form_field form-field frm_form_subfield-first  frm6\"\n\t\t\t\tdata-sub-field-name=\"first\"\n\t\t\t>\n\t\t\t\t<label for=\"field_3f0yn2_first\" class=\"frm_screen_reader frm_hidden\">\n\t\t\t\t\tNombres\t\t\t\t<\/label>\n\n\t\t\t\t<input  type=\"text\" id=\"field_3f0yn2_first\" value=\"\" name=\"item_meta[37][first]\" data-reqmsg=\"Informaci\u00f3n personal no puede estar en blanco.\" aria-required=\"true\" data-invmsg=\"Informaci\u00f3n personal no es v\u00e1lido\" aria-invalid=\"false\"  \/><div class=\"frm_description\" id=\"frm_field_37_first_desc\">Nombres<\/div>\t\t\t<\/div>\n\t\t\t\t\t\t<div\n\t\t\t\tid=\"frm_field_37-last_container\"\n\t\t\t\tclass=\"frm_form_field form-field frm_form_subfield-last  frm6\"\n\t\t\t\tdata-sub-field-name=\"last\"\n\t\t\t>\n\t\t\t\t<label for=\"field_3f0yn2_last\" class=\"frm_screen_reader frm_hidden\">\n\t\t\t\t\tApellidos\t\t\t\t<\/label>\n\n\t\t\t\t<input  type=\"text\" id=\"field_3f0yn2_last\" value=\"\" name=\"item_meta[37][last]\" data-reqmsg=\"Informaci\u00f3n personal no puede estar en blanco.\" aria-required=\"true\" data-invmsg=\"Informaci\u00f3n personal no es v\u00e1lido\" aria-invalid=\"false\"  \/><div class=\"frm_description\" id=\"frm_field_37_last_desc\">Apellidos<\/div>\t\t\t<\/div>\n\t\t\t\t<\/div>\n<\/fieldset>\n\r\n    \r\n    \r\n<\/div>\n<div id=\"frm_field_38_container\" class=\"frm_form_field form-field  frm_top_container\">\r\n    <label for=\"field_xurit2\" id=\"field_xurit2_label\" class=\"frm_primary_label\">Celular\r\n        <span class=\"frm_required\" aria-hidden=\"true\"><\/span>\r\n    <\/label>\r\n    <input type=\"tel\" id=\"field_xurit2\" name=\"item_meta[38]\" value=\"\"  data-invmsg=\"Phone is invalid\" aria-invalid=\"false\" pattern=\"((\\+\\d{1,3}(-|.| )?\\(?\\d\\)?(-| |.)?\\d{1,5})|(\\(?\\d{2,6}\\)?))(-|.| )?(\\d{3,4})(-|.| )?(\\d{4})(( x| ext)\\d{1,5}){0,1}$\"  \/>\r\n    \r\n    \r\n<\/div>\n<div id=\"frm_field_39_container\" class=\"frm_form_field form-field  frm_required_field frm_top_container frm12 frm_first\">\r\n    <label for=\"field_ynpe52\" id=\"field_ynpe52_label\" class=\"frm_primary_label\">Firma Aqu\u00ed \r\n        <span class=\"frm_required\" aria-hidden=\"true\">*<\/span>\r\n    <\/label>\r\n    <div class=\"sigPad\" id='sigPad39' style=\"max-width:400px;\">\n\t<div class=\"sig sigWrapper\" style=\"height:150px;border-color:#BFC3C8;--bg-color:#ffffff;--active:#579AF6;--inactive:#eaeaea;--active-text:#ffffff;--inactive-text:#3f4b5b;--button-margin:27px;--button-size:16px;--button-padding:8px;--button-side-margin:27px;--icon:20px\">\n\n\t\t<ul class=\"sigNav frm_hidden \">\n\t\t\t\t<li class=\"drawIt\"><a href=\"#\" class=\"frm-active-sig-type\" title=\"Draw It\" aria-label=\"Draw It\"><i class=\"frm_icon_font frm_signature_icon\" aria-hidden><\/i><\/a><\/li>\n\t\t\t\t<li class=\"typeIt\"><a href=\"#\" class=\"\" title=\"Type It\" aria-label=\"Type It\"><i class=\"frm_icon_font frm_keyboard_icon\" aria-hidden><\/i><\/a><\/li>\n\t\t<\/ul>\n\n\t\t<span class=\"frm-typed-drawline\"><\/span>\n\n\t\t<div class=\"typed\">\n\t\t\t<input type=\"text\" name=\"item_meta[39][typed]\" class=\"name\" id=\"field_ynpe52\" autocomplete=\"off\" value=\"\"  style=\"width:400px\" maxlength=\"150\" data-reqmsg=\"Firma Aqu\u00ed  cannot be blank.\" aria-required=\"true\" class=\"auto_width\" aria-invalid=\"false\"   \/>\n\t\t<\/div>\n\n\t\t<canvas class=\"pad\" data-fieldid=\"39\" data-fieldname=\"item_meta[39]\" width=\"396\" height=\"150\"><\/canvas>\n\t\t<div class=\"clearButton\"><a href=\"#clear\">Clear<\/a><\/div>\n\n\t\t<input type=\"hidden\" name=\"item_meta[39][output]\" class=\"output\" value=\"\" \/>\n\t<\/div>\n<\/div>\n\r\n    \r\n    \r\n<\/div>\n<div id=\"frm_field_566_container\" class=\"frm_form_field form-field \">\n\t<div class=\"frm_submit\">\r\n\r\n<button class=\"frm_button_submit frm_final_submit\" type=\"submit\"  >Enviar<\/button>\r\n\r\n\r\n<\/div>\n<\/div>\n\t<input type=\"hidden\" name=\"item_key\" value=\"\" \/>\n\t\t\t<div id=\"frm_field_609_container\">\n\t\t\t<label for=\"field_gmr9x\" >\n\t\t\t\tSi eres humano, deja este campo en blanco.\t\t\t<\/label>\n\t\t\t<input  id=\"field_gmr9x\" type=\"text\" class=\"frm_form_field form-field frm_verify\" name=\"item_meta[609]\" value=\"\"  \/>\n\t\t<\/div>\n\t\t<input name=\"frm_state\" type=\"hidden\" value=\"GwgXazH29cO0EZ0puQ69WjELavfCAWvY\/bnKtqF5y+xQLr9mWkD8b8e9GnRwCiK6\" \/><\/div>\n<\/fieldset>\n<\/div>\n\n<\/form>\n<\/div>\n\n\n\n<p><strong>Paso 3: Enviar<\/strong><\/p>\n\n\n\n<p>\u00a1Listo! \u00a1Has completado el proceso de notificaci\u00f3n y firma digital! Si necesitas ayuda, cont\u00e1ctanos.<\/p>\n\n\n\n<p>T<strong><em>ratamiento de Datos Personales:<\/em><\/strong><\/p>\n\n\n\n<p>Tu privacidad es importante para nosotros. Al completar este formulario y proporcionar tus datos, est\u00e1s aceptando que tratemos tus datos de acuerdo con nuestra&nbsp;<a href=\"https:\/\/quantum-staffing.com\/privacy-policy\/\">Pol\u00edtica de Privacidad<\/a>. Los datos recopilados se utilizar\u00e1n s\u00f3lo para fines relacionados con la gesti\u00f3n de recursos humanos y cumplimiento de obligaciones legales. Para m\u00e1s detalles, consulta nuestra pol\u00edtica completa en el enlace proporcionado. Si tienes preguntas, cont\u00e1ctanos a trav\u00e9s de&nbsp;<a href=\"mailto:contact@quantum-staffing.com\">contact@quantum-staffing.com<\/a>.<\/p>\n\n\n\n<p>Al enviar este formulario, confirmas tu acuerdo con nuestras pr\u00e1cticas de tratamiento de datos personales.<\/p>\n","protected":false},"excerpt":{"rendered":"<p>Temporary Laborer Assignment Notification under N.J.S.A. 34:8D-3 \u00a1Bienvenidos a nuestra plataforma de notificaci\u00f3n y firma digital ! A continuaci\u00f3n, encontrar\u00e1n los pasos para descargar y firmar el documento. Paso 1: Leer y Comprender Paso 2: Firma Digital ( Est\u00e1 en la parte inferior) Paso 3: Enviar \u00a1Listo! \u00a1Has completado el proceso de notificaci\u00f3n y firma&#8230;<\/p>","protected":false},"author":21,"featured_media":0,"parent":0,"menu_order":0,"comment_status":"closed","ping_status":"closed","template":"","meta":{"inline_featured_image":false,"_kad_blocks_custom_css":"","_kad_blocks_head_custom_js":"","_kad_blocks_body_custom_js":"","_kad_blocks_footer_custom_js":"","_kad_post_transparent":"","_kad_post_title":"","_kad_post_layout":"","_kad_post_sidebar_id":"","_kad_post_content_style":"","_kad_post_vertical_padding":"","_kad_post_feature":"","_kad_post_feature_position":"","_kad_post_header":false,"_kad_post_footer":false,"footnotes":""},"class_list":["post-1078","page","type-page","status-publish","hentry"],"featured_image_src_large":false,"author_info":{"display_name":"Jose Pertuz","author_link":"https:\/\/quantum-staffing.com\/es\/author\/jose-pertuz\/"},"comment_info":0,"taxonomy_info":[],"_links":{"self":[{"href":"https:\/\/quantum-staffing.com\/es\/wp-json\/wp\/v2\/pages\/1078","targetHints":{"allow":["GET"]}}],"collection":[{"href":"https:\/\/quantum-staffing.com\/es\/wp-json\/wp\/v2\/pages"}],"about":[{"href":"https:\/\/quantum-staffing.com\/es\/wp-json\/wp\/v2\/types\/page"}],"author":[{"embeddable":true,"href":"https:\/\/quantum-staffing.com\/es\/wp-json\/wp\/v2\/users\/21"}],"replies":[{"embeddable":true,"href":"https:\/\/quantum-staffing.com\/es\/wp-json\/wp\/v2\/comments?post=1078"}],"version-history":[{"count":2,"href":"https:\/\/quantum-staffing.com\/es\/wp-json\/wp\/v2\/pages\/1078\/revisions"}],"predecessor-version":[{"id":1081,"href":"https:\/\/quantum-staffing.com\/es\/wp-json\/wp\/v2\/pages\/1078\/revisions\/1081"}],"wp:attachment":[{"href":"https:\/\/quantum-staffing.com\/es\/wp-json\/wp\/v2\/media?parent=1078"}],"curies":[{"name":"wp","href":"https:\/\/api.w.org\/{rel}","templated":true}]}}