{"id":1154,"date":"2023-10-03T15:16:25","date_gmt":"2023-10-03T19:16:25","guid":{"rendered":"https:\/\/quantum-staffing.com\/?page_id=1154"},"modified":"2023-10-03T15:46:35","modified_gmt":"2023-10-03T19:46:35","slug":"formulario-de-eleccion-de-beneficios-3","status":"publish","type":"page","link":"https:\/\/quantum-staffing.com\/es\/formulario-de-eleccion-de-beneficios-3\/","title":{"rendered":"FORMULARIO DE ELECCI\u00d3N DE BENEFICIOS"},"content":{"rendered":"<div data-elementor-type=\"wp-page\" data-elementor-id=\"1154\" class=\"elementor elementor-1154\" data-elementor-post-type=\"page\">\n\t\t\t\t<div class=\"elementor-element elementor-element-1d61b440 e-flex e-con-boxed e-con e-parent\" data-id=\"1d61b440\" data-element_type=\"container\" data-e-type=\"container\">\n\t\t\t\t\t<div class=\"e-con-inner\">\n\t\t\t\t<div class=\"elementor-element elementor-element-394e9736 exad-sticky-section-no exad-glass-effect-no elementor-widget elementor-widget-text-editor\" data-id=\"394e9736\" data-element_type=\"widget\" data-e-type=\"widget\" data-settings=\"{&quot;ekit_we_effect_on&quot;:&quot;none&quot;}\" data-widget_type=\"text-editor.default\">\n\t\t\t\t<div class=\"elementor-widget-container\">\n\t\t\t\t\t\t\t\t\t\n<h3 class=\"wp-block-heading\" style=\"text-align: center;\">Gu\u00eda de Inscripci\u00f3n al Plan de Seguro M\u00e9dico de Indemnizaci\u00f3n Fija, Productos Auxiliares y Cobertura Esencial M\u00ednima Autofi nanciada (MEC)<\/h3>\n\t\t\t\t\t\t\t\t<\/div>\n\t\t\t\t<\/div>\n\t\t\t\t\t<\/div>\n\t\t\t\t<\/div>\n\t\t<div class=\"elementor-element elementor-element-3ff9352 e-flex e-con-boxed e-con e-parent\" data-id=\"3ff9352\" data-element_type=\"container\" data-e-type=\"container\">\n\t\t\t\t\t<div class=\"e-con-inner\">\n\t\t\t\t<div class=\"elementor-element elementor-element-e72aed4 exad-sticky-section-no exad-glass-effect-no elementor-widget elementor-widget-shortcode\" data-id=\"e72aed4\" data-element_type=\"widget\" data-e-type=\"widget\" data-settings=\"{&quot;ekit_we_effect_on&quot;:&quot;none&quot;}\" data-widget_type=\"shortcode.default\">\n\t\t\t\t<div class=\"elementor-widget-container\">\n\t\t\t\t\t\t\t<div class=\"elementor-shortcode\"><a href=\"https:\/\/quantum-staffing.com\/wp-content\/uploads\/2023\/09\/BSP-EF-4EUSNADW-SP-FORMULARIO-DE-BENEFICIOS.pdf\" class=\"pdfemb-viewer\" style=\"width: 800px; height: 600px; \" data-width=\"800\" data-height=\"600\" data-mobile-width=\"200\"  data-scrollbar=\"vertical\" data-download=\"off\" data-tracking=\"on\" data-newwindow=\"off\" data-pagetextbox=\"off\" data-scrolltotop=\"on\" data-startzoom=\"100\" data-startfpzoom=\"100\" data-toolbar=\"top\" data-toolbar-fixed=\"on\">BSP-EF-4EUSNADW-SP-FORMULARIO-DE-BENEFICIOS<br\/><\/a><\/div>\n\t\t\t\t\t\t<\/div>\n\t\t\t\t<\/div>\n\t\t\t\t\t<\/div>\n\t\t\t\t<\/div>\n\t\t<div class=\"elementor-element elementor-element-85da534 e-flex e-con-boxed e-con e-parent\" data-id=\"85da534\" data-element_type=\"container\" data-e-type=\"container\">\n\t\t\t\t\t<div class=\"e-con-inner\">\n\t\t\t\t<div class=\"elementor-element elementor-element-67b724f exad-sticky-section-no exad-glass-effect-no elementor-widget elementor-widget-text-editor\" data-id=\"67b724f\" data-element_type=\"widget\" data-e-type=\"widget\" data-settings=\"{&quot;ekit_we_effect_on&quot;:&quot;none&quot;}\" data-widget_type=\"text-editor.default\">\n\t\t\t\t<div class=\"elementor-widget-container\">\n\t\t\t\t\t\t\t\t\t<p class=\"has-text-align-center\"><strong>IMPORTANTE INFORMACI\u00d3N SOBRE EL PLAN:<\/strong>\u00a0Usted tiene dos opciones de planes m\u00e9dicos.<br \/>Puede registrarse en uno o en los dos. Hay m\u00e1s bene\ufb01 cios disponibles si se registra en el Plan de<br \/>seguro m\u00e9dico de indemnizaci\u00f3n \ufb01 ja (Fixed Indemnity Medical Insurance Plan).<\/p>\n<ol>\n<li>Usted\u00a0<strong>DEBE<\/strong>\u00a0completar el Formulario de registro como parte de su proceso de nuevo empleado.<\/li>\n<li>Elija o decline todos los bene\ufb01cios en el\u00a0<b>Formulario<\/b>\u00a0de\u00a0<b>registro<\/b>.<\/li>\n<li>Usted\u00a0<b>DEBE<\/b>\u00a0<b>Firmar<\/b>\u00a0y Fechar la parte inferior del formulario, aunque\u00a0<b>decline<\/b> la cobertura.<\/li>\n<\/ol>\t\t\t\t\t\t\t\t<\/div>\n\t\t\t\t<\/div>\n\t\t\t\t<div class=\"elementor-element elementor-element-04dbff0 exad-sticky-section-no exad-glass-effect-no elementor-widget elementor-widget-shortcode\" data-id=\"04dbff0\" data-element_type=\"widget\" data-e-type=\"widget\" data-settings=\"{&quot;ekit_we_effect_on&quot;:&quot;none&quot;}\" data-widget_type=\"shortcode.default\">\n\t\t\t\t<div class=\"elementor-widget-container\">\n\t\t\t\t\t\t\t<div class=\"elementor-shortcode\">Por favor, seleccione una forma v\u00e1lida<\/div>\n\t\t\t\t\t\t<\/div>\n\t\t\t\t<\/div>\n\t\t\t\t<div class=\"elementor-element elementor-element-7663161 exad-sticky-section-no exad-glass-effect-no elementor-widget elementor-widget-text-editor\" data-id=\"7663161\" data-element_type=\"widget\" data-e-type=\"widget\" data-settings=\"{&quot;ekit_we_effect_on&quot;:&quot;none&quot;}\" data-widget_type=\"text-editor.default\">\n\t\t\t\t<div class=\"elementor-widget-container\">\n\t\t\t\t\t\t\t\t\t<div class=\"meSK8 M7eMe\" style=\"font-family: docs-Roboto, Helvetica, Arial, sans-serif; font-size: medium; line-height: 24px; color: #202124; white-space-collapse: collapse;\" role=\"heading\" aria-level=\"2\">\n<blockquote>\n<p><span style=\"font-size: revert; color: #202124; font-family: Roboto, Arial, sans-serif;\">\u2705 Al enviar este formulario, confirmas tu acuerdo con nuestras pr\u00e1cticas de tratamiento de datos personales.<\/span><\/p>\n<p style=\"margin-right: 0px; margin-left: 0px;\"><b><i>T<\/i><\/b><b><i>ratamiento de Datos Personales: <\/i><\/b><span style=\"font-family: Roboto, Arial, sans-serif; font-size: 11pt;\">Tu privacidad es importante para nosotros. Al completar este formulario y proporcionar tus datos, est\u00e1s aceptando que tratemos tus datos de acuerdo con nuestra <\/span><a style=\"color: #1155cc;\" href=\"https:\/\/quantum-staffing.com\/es\/privacy-policy\/\">Pol\u00edtica de Privacidad<\/a><span style=\"font-family: Roboto, Arial, sans-serif; font-size: 11pt;\">. Los datos recopilados se utilizar\u00e1n solo para fines relacionados con el cumplimiento de obligaciones legales. Para m\u00e1s detalles, consulta nuestra pol\u00edtica completa en el enlace proporcionado. Si tienes preguntas, cont\u00e1ctanos a trav\u00e9s de <\/span><a style=\"color: #1155cc;\" href=\"mailto:contact@quantum-staffing.com\">contact@quantum-staffing.com<\/a><span style=\"font-family: Roboto, Arial, sans-serif; font-size: 11pt;\">.<\/span><\/p>\n<\/blockquote>\n<\/div>\t\t\t\t\t\t\t\t<\/div>\n\t\t\t\t<\/div>\n\t\t\t\t\t<\/div>\n\t\t\t\t<\/div>\n\t\t\t\t<\/div>","protected":false},"excerpt":{"rendered":"<p>Gu\u00eda de Inscripci\u00f3n al Plan de Seguro M\u00e9dico de Indemnizaci\u00f3n Fija, Productos Auxiliares y Cobertura Esencial M\u00ednima Autofi nanciada (MEC) IMPORTANTE INFORMACI\u00d3N SOBRE EL PLAN:\u00a0Usted tiene dos opciones de planes m\u00e9dicos.Puede registrarse en uno o en los dos. Hay m\u00e1s bene\ufb01 cios disponibles si se registra en el Plan deseguro m\u00e9dico de indemnizaci\u00f3n \ufb01 ja&#8230;<\/p>","protected":false},"author":21,"featured_media":0,"parent":0,"menu_order":0,"comment_status":"closed","ping_status":"closed","template":"","meta":{"inline_featured_image":false,"_kad_blocks_custom_css":"","_kad_blocks_head_custom_js":"","_kad_blocks_body_custom_js":"","_kad_blocks_footer_custom_js":"","_kad_post_transparent":"","_kad_post_title":"","_kad_post_layout":"","_kad_post_sidebar_id":"","_kad_post_content_style":"","_kad_post_vertical_padding":"","_kad_post_feature":"","_kad_post_feature_position":"","_kad_post_header":false,"_kad_post_footer":false,"footnotes":""},"class_list":["post-1154","page","type-page","status-publish","hentry"],"featured_image_src_large":false,"author_info":{"display_name":"Jose Pertuz","author_link":"https:\/\/quantum-staffing.com\/es\/author\/jose-pertuz\/"},"comment_info":0,"taxonomy_info":[],"_links":{"self":[{"href":"https:\/\/quantum-staffing.com\/es\/wp-json\/wp\/v2\/pages\/1154","targetHints":{"allow":["GET"]}}],"collection":[{"href":"https:\/\/quantum-staffing.com\/es\/wp-json\/wp\/v2\/pages"}],"about":[{"href":"https:\/\/quantum-staffing.com\/es\/wp-json\/wp\/v2\/types\/page"}],"author":[{"embeddable":true,"href":"https:\/\/quantum-staffing.com\/es\/wp-json\/wp\/v2\/users\/21"}],"replies":[{"embeddable":true,"href":"https:\/\/quantum-staffing.com\/es\/wp-json\/wp\/v2\/comments?post=1154"}],"version-history":[{"count":3,"href":"https:\/\/quantum-staffing.com\/es\/wp-json\/wp\/v2\/pages\/1154\/revisions"}],"predecessor-version":[{"id":1165,"href":"https:\/\/quantum-staffing.com\/es\/wp-json\/wp\/v2\/pages\/1154\/revisions\/1165"}],"wp:attachment":[{"href":"https:\/\/quantum-staffing.com\/es\/wp-json\/wp\/v2\/media?parent=1154"}],"curies":[{"name":"wp","href":"https:\/\/api.w.org\/{rel}","templated":true}]}}