{"id":118,"date":"2021-12-21T17:29:27","date_gmt":"2021-12-21T22:29:27","guid":{"rendered":"http:\/\/quantum-staffing.com\/?page_id=118"},"modified":"2023-05-09T11:49:43","modified_gmt":"2023-05-09T15:49:43","slug":"about-us","status":"publish","type":"page","link":"https:\/\/quantum-staffing.com\/es\/about-us\/","title":{"rendered":"Nuestra Empresa"},"content":{"rendered":"<style>.kb-row-layout-id_04bad5-8a > .kt-row-column-wrap{align-content:center;}:where(.kb-row-layout-id_04bad5-8a > .kt-row-column-wrap) > .wp-block-kadence-column{justify-content:center;}.kb-row-layout-id_04bad5-8a > .kt-row-column-wrap{column-gap:var(--global-kb-gap-md, 2rem);row-gap:var(--global-kb-gap-md, 2rem);max-width:700px;margin-left:auto;margin-right:auto;padding-top:50px;padding-bottom:50px;min-height:350px;grid-template-columns:minmax(0, 1fr);}.kb-row-layout-id_04bad5-8a{background-image:url('http:\/\/quantum-staffing.com\/wp-content\/uploads\/2021\/12\/bg-about-us.jpg');background-size:cover;background-position:53% 30%;background-attachment:scroll;background-repeat:no-repeat;}.kb-row-layout-id_04bad5-8a > .kt-row-layout-overlay{opacity:0.80;background:linear-gradient(180deg, var(--global-palette2) 0%, #3a9afe 100%);}.kb-row-layout-id_04bad5-8a ,.kb-row-layout-id_04bad5-8a h1,.kb-row-layout-id_04bad5-8a h2,.kb-row-layout-id_04bad5-8a h3,.kb-row-layout-id_04bad5-8a h4,.kb-row-layout-id_04bad5-8a h5,.kb-row-layout-id_04bad5-8a h6{color:var(--global-palette9, #ffffff);}@media all and (max-width: 1024px){.kb-row-layout-id_04bad5-8a > .kt-row-column-wrap{grid-template-columns:minmax(0, 1fr);}}@media all and (max-width: 767px){.kb-row-layout-id_04bad5-8a > .kt-row-column-wrap{min-height:300px;grid-template-columns:minmax(0, 1fr);}}<\/style><div class=\"kb-row-layout-wrap kb-row-layout-id_04bad5-8a alignfull kt-row-has-bg wp-block-kadence-rowlayout\"><div class=\"kt-row-layout-overlay kt-row-overlay-gradient\"><\/div><div class=\"kt-row-column-wrap kt-has-1-columns kt-row-layout-equal kt-tab-layout-inherit kt-mobile-layout-row kt-row-valign-middle\">\n<style>.kadence-column_74d00d-e1 > .kt-inside-inner-col,.kadence-column_74d00d-e1 > .kt-inside-inner-col:before{border-top-left-radius:0px;border-top-right-radius:0px;border-bottom-right-radius:0px;border-bottom-left-radius:0px;}.kadence-column_74d00d-e1 > .kt-inside-inner-col{column-gap:var(--global-kb-gap-sm, 1rem);}.kadence-column_74d00d-e1 > .kt-inside-inner-col{flex-direction:column;}.kadence-column_74d00d-e1 > .kt-inside-inner-col > .aligncenter{width:100%;}.kadence-column_74d00d-e1 > .kt-inside-inner-col:before{opacity:0.3;}.kadence-column_74d00d-e1{position:relative;}@media all and (max-width: 1024px){.kadence-column_74d00d-e1 > .kt-inside-inner-col{flex-direction:column;}}@media all and (max-width: 767px){.kadence-column_74d00d-e1 > .kt-inside-inner-col{flex-direction:column;}}<\/style>\n<div class=\"wp-block-kadence-column kadence-column_74d00d-e1 inner-column-1\"><div class=\"kt-inside-inner-col\"><style>.wp-block-kadence-advancedheading.kt-adv-heading_2e0d22-b7, .wp-block-kadence-advancedheading.kt-adv-heading_2e0d22-b7[data-kb-block=\"kb-adv-heading_2e0d22-b7\"]{margin-bottom:0px;text-align:center;font-size:3.5rem;font-style:normal;text-shadow:1px 1px 1px rgba(0, 0, 0, 0.2);}.wp-block-kadence-advancedheading.kt-adv-heading_2e0d22-b7 mark.kt-highlight, .wp-block-kadence-advancedheading.kt-adv-heading_2e0d22-b7[data-kb-block=\"kb-adv-heading_2e0d22-b7\"] mark.kt-highlight{font-style:normal;color:#f76a0c;-webkit-box-decoration-break:clone;box-decoration-break:clone;padding-top:0px;padding-right:0px;padding-bottom:0px;padding-left:0px;}@media all and (max-width: 1024px){.wp-block-kadence-advancedheading.kt-adv-heading_2e0d22-b7, .wp-block-kadence-advancedheading.kt-adv-heading_2e0d22-b7[data-kb-block=\"kb-adv-heading_2e0d22-b7\"]{text-shadow:1px 1px 1px rgba(0, 0, 0, 0.2);}}@media all and (max-width: 767px){.wp-block-kadence-advancedheading.kt-adv-heading_2e0d22-b7, .wp-block-kadence-advancedheading.kt-adv-heading_2e0d22-b7[data-kb-block=\"kb-adv-heading_2e0d22-b7\"]{text-shadow:1px 1px 1px rgba(0, 0, 0, 0.2);font-size:2.5rem;}}<\/style>\n<h1 class=\"kt-adv-heading_2e0d22-b7 wp-block-kadence-advancedheading\" data-kb-block=\"kb-adv-heading_2e0d22-b7\">Acerca de Nosotros<\/h1>\n\n\n<style>.wp-block-kadence-advancedheading.kt-adv-heading_f962d2-99, .wp-block-kadence-advancedheading.kt-adv-heading_f962d2-99[data-kb-block=\"kb-adv-heading_f962d2-99\"]{text-align:center;font-size:1.5rem;line-height:1.3em;font-style:normal;}.wp-block-kadence-advancedheading.kt-adv-heading_f962d2-99 mark.kt-highlight, .wp-block-kadence-advancedheading.kt-adv-heading_f962d2-99[data-kb-block=\"kb-adv-heading_f962d2-99\"] mark.kt-highlight{font-style:normal;color:#f76a0c;-webkit-box-decoration-break:clone;box-decoration-break:clone;padding-top:0px;padding-right:0px;padding-bottom:0px;padding-left:0px;}@media all and (max-width: 767px){.wp-block-kadence-advancedheading.kt-adv-heading_f962d2-99, .wp-block-kadence-advancedheading.kt-adv-heading_f962d2-99[data-kb-block=\"kb-adv-heading_f962d2-99\"]{font-size:1.2rem;}}<\/style>\n<p class=\"kt-adv-heading_f962d2-99 wp-block-kadence-advancedheading\" data-kb-block=\"kb-adv-heading_f962d2-99\">Tanto si busca servicios de contrataci\u00f3n, un nuevo puesto de trabajo o simplemente asesoramiento, estamos deseando ayudarle.<\/p>\n<\/div><\/div>\n\n<\/div><\/div>\n\n<style>.kb-row-layout-id_6ea07d-5a > .kt-row-column-wrap{align-content:start;}:where(.kb-row-layout-id_6ea07d-5a > .kt-row-column-wrap) > .wp-block-kadence-column{justify-content:start;}.kb-row-layout-id_6ea07d-5a > .kt-row-column-wrap{column-gap:var(--global-kb-gap-md, 2rem);row-gap:var(--global-kb-gap-md, 2rem);max-width:700px;margin-left:auto;margin-right:auto;padding-top:80px;padding-bottom:120px;grid-template-columns:minmax(0, 1fr);}.kb-row-layout-id_6ea07d-5a > .kt-row-layout-overlay{opacity:0.30;}@media all and (max-width: 1024px){.kb-row-layout-id_6ea07d-5a > .kt-row-column-wrap{grid-template-columns:minmax(0, 1fr);}}@media all and (max-width: 767px){.kb-row-layout-id_6ea07d-5a > .kt-row-column-wrap{grid-template-columns:minmax(0, 1fr);}}<\/style><div class=\"kb-row-layout-wrap kb-row-layout-id_6ea07d-5a alignnone wp-block-kadence-rowlayout\"><div class=\"kt-row-column-wrap kt-has-1-columns kt-row-layout-equal kt-tab-layout-inherit kt-mobile-layout-row kt-row-valign-top\">\n<style>.kadence-column_6d7791-fc > .kt-inside-inner-col,.kadence-column_6d7791-fc > .kt-inside-inner-col:before{border-top-left-radius:0px;border-top-right-radius:0px;border-bottom-right-radius:0px;border-bottom-left-radius:0px;}.kadence-column_6d7791-fc > .kt-inside-inner-col{column-gap:var(--global-kb-gap-sm, 1rem);}.kadence-column_6d7791-fc > .kt-inside-inner-col{flex-direction:column;}.kadence-column_6d7791-fc > .kt-inside-inner-col > .aligncenter{width:100%;}.kadence-column_6d7791-fc > .kt-inside-inner-col:before{opacity:0.3;}.kadence-column_6d7791-fc{position:relative;}@media all and (max-width: 1024px){.kadence-column_6d7791-fc > .kt-inside-inner-col{flex-direction:column;}}@media all and (max-width: 767px){.kadence-column_6d7791-fc > .kt-inside-inner-col{flex-direction:column;}}<\/style>\n<div class=\"wp-block-kadence-column kadence-column_6d7791-fc inner-column-1\"><div class=\"kt-inside-inner-col\">\n<p>Somos una empresa de contrataci\u00f3n con experiencia, nos caracterizamos por la eficacia de nuestro trabajo, demostrando la diferencia en procesos innovadores y de calidad.<\/p>\n\n\n\n<p>Contamos con los mejores expertos en dotaci\u00f3n de personal y reclutamiento de la industria, as\u00ed como una amplia red de candidatos que cumplen diversos perfiles que se adaptan a todos los niveles laborales que pueden requerir nuestros aliados.<\/p>\n\n\n<style>.wp-block-kadence-advancedheading.kt-adv-heading_cafc4c-45, .wp-block-kadence-advancedheading.kt-adv-heading_cafc4c-45[data-kb-block=\"kb-adv-heading_cafc4c-45\"]{font-size:1.8rem;font-style:normal;}.wp-block-kadence-advancedheading.kt-adv-heading_cafc4c-45 mark.kt-highlight, .wp-block-kadence-advancedheading.kt-adv-heading_cafc4c-45[data-kb-block=\"kb-adv-heading_cafc4c-45\"] mark.kt-highlight{font-style:normal;color:#f76a0c;-webkit-box-decoration-break:clone;box-decoration-break:clone;padding-top:0px;padding-right:0px;padding-bottom:0px;padding-left:0px;}<\/style>\n<h2 class=\"kt-adv-heading_cafc4c-45 wp-block-kadence-advancedheading has-theme-palette-1-color has-text-color\" data-kb-block=\"kb-adv-heading_cafc4c-45\"><strong><u>NUESTRA MISI\u00d3N<\/u><\/strong><\/h2>\n\n\n\n<p>Nuestra misi\u00f3n es enlazar personas y empresas, donde se genera empleo mediante el apoyo organizacional en los procesos de reclutamiento y contrataci\u00f3n laboral, garantizando efectividad y eficacia empresarial, que cumplan con los objetivos de cada organizaci\u00f3n.<\/p>\n\n\n<style>.wp-block-kadence-advancedheading.kt-adv-heading_df2fae-b2, .wp-block-kadence-advancedheading.kt-adv-heading_df2fae-b2[data-kb-block=\"kb-adv-heading_df2fae-b2\"]{font-size:1.8rem;font-style:normal;}.wp-block-kadence-advancedheading.kt-adv-heading_df2fae-b2 mark.kt-highlight, .wp-block-kadence-advancedheading.kt-adv-heading_df2fae-b2[data-kb-block=\"kb-adv-heading_df2fae-b2\"] mark.kt-highlight{font-style:normal;color:#f76a0c;-webkit-box-decoration-break:clone;box-decoration-break:clone;padding-top:0px;padding-right:0px;padding-bottom:0px;padding-left:0px;}<\/style>\n<h2 class=\"kt-adv-heading_df2fae-b2 wp-block-kadence-advancedheading has-theme-palette-1-color has-text-color\" data-kb-block=\"kb-adv-heading_df2fae-b2\"><strong><u>NUESTRA VISI\u00d3N<\/u><\/strong><\/h2>\n\n\n\n<p>Quantum ser\u00e1 el l\u00edder en todo Estados Unidos de Am\u00e9rica y proveedor de soluciones de recursos humanos, transformando la industria de personal de apoyo empresarial. Quantum se caracterizar\u00e1 por ser una empresa de contrataci\u00f3n personalizada y humana, donde se permite el acercamiento a los candidatos y socios, quienes transmitir\u00e1n de manera directa aquellas necesidades que ser\u00e1n cubiertas por nosotros, con eficiencia y eficacia. Seremos reclutadores por excelencia, dejando huella en todo aquel que haga parte de nuestra empresa con la calidad de nuestros procesos.<\/p>\n\n\n<style>.wp-block-kadence-advancedheading.kt-adv-heading_3646ef-91, .wp-block-kadence-advancedheading.kt-adv-heading_3646ef-91[data-kb-block=\"kb-adv-heading_3646ef-91\"]{font-size:1.8rem;font-style:normal;}.wp-block-kadence-advancedheading.kt-adv-heading_3646ef-91 mark.kt-highlight, .wp-block-kadence-advancedheading.kt-adv-heading_3646ef-91[data-kb-block=\"kb-adv-heading_3646ef-91\"] mark.kt-highlight{font-style:normal;color:#f76a0c;-webkit-box-decoration-break:clone;box-decoration-break:clone;padding-top:0px;padding-right:0px;padding-bottom:0px;padding-left:0px;}<\/style>\n<h2 class=\"kt-adv-heading_3646ef-91 wp-block-kadence-advancedheading has-theme-palette-1-color has-text-color\" data-kb-block=\"kb-adv-heading_3646ef-91\"><strong><u>\u00bfPOR QU\u00c9 QUANTUM?<\/u><\/strong><\/h2>\n\n\n\n<p>We are in the precise place where we can solve the needs of job seekers and those companies that require trained personnel for daily tasks. If you are part of a company that is looking for talent, we help you make your workforce the best; If you are looking for a job, we match you we will help You to make employment needs.<\/p>\n\n\n\n<p>Juntos sobrepasamos los objetivos personales, empresariales y sociales de todo aquel que conf\u00eda en nuestro servicio, superando hasta tus propias expectativas.<\/p>\n\n\n<style>.wp-block-kadence-spacer.kt-block-spacer-_5fa78d-b4 .kt-block-spacer{height:120px;}.wp-block-kadence-spacer.kt-block-spacer-_5fa78d-b4 .kt-divider{border-top-width:1px;height:1px;border-top-color:#eee;width:80%;border-top-style:solid;}<\/style>\n<div class=\"wp-block-kadence-spacer aligncenter kt-block-spacer-_5fa78d-b4\"><div class=\"kt-block-spacer kt-block-spacer-halign-center\"><hr class=\"kt-divider\"\/><\/div><\/div>\n\n\n\n<p>Env\u00ede su formulario de solicitud previa y su curr\u00edculum para comenzar su b\u00fasqueda de trabajo hoy mismo; o  complete el formulario y uno de nuestros representantes se comunicar\u00e1 con usted a la brevedad para concertar una reuni\u00f3n y avanzar con el proceso.<\/p>\n\n\n<style>.wp-block-kadence-advancedbtn.kb-btns_864d99-25{gap:20px;justify-content:center;align-items:center;}.kt-btns_864d99-25 .kt-button{font-weight:normal;font-style:normal;}@media all and (max-width: 767px){.wp-block-kadence-advancedbtn.kb-btns_864d99-25{justify-content:center;}}<\/style>\n<div class=\"wp-block-kadence-advancedbtn kb-buttons-wrap kb-btns_864d99-25\"><style>ul.menu .wp-block-kadence-advancedbtn .kb-btn_1cfb11-42.kb-button{width:initial;}.wp-block-kadence-advancedbtn .kb-btn_1cfb11-42.kb-button{color:#9eadfd;font-size:nonepx;border-top-left-radius:50px;border-top-right-radius:50px;border-bottom-right-radius:50px;border-bottom-left-radius:50px;border-top-color:#9eadfd;border-top-style:solid;border-right-color:#9eadfd;border-right-style:solid;border-bottom-color:#9eadfd;border-bottom-style:solid;border-left-color:#9eadfd;border-left-style:solid;}.wp-block-kadence-advancedbtn .kb-btn_1cfb11-42.kb-button:hover, .wp-block-kadence-advancedbtn .kb-btn_1cfb11-42.kb-button:focus{color:var(--global-palette9, #ffffff);background:#9eadfd;border-top-color:var(--global-palette9, #ffffff);border-top-style:solid;border-right-color:var(--global-palette9, #ffffff);border-right-style:solid;border-bottom-color:var(--global-palette9, #ffffff);border-bottom-style:solid;border-left-color:var(--global-palette9, #ffffff);border-left-style:solid;}@media all and (max-width: 1024px){.wp-block-kadence-advancedbtn .kb-btn_1cfb11-42.kb-button{border-top-color:#9eadfd;border-top-style:solid;border-right-color:#9eadfd;border-right-style:solid;border-bottom-color:#9eadfd;border-bottom-style:solid;border-left-color:#9eadfd;border-left-style:solid;}}@media all and (max-width: 1024px){.wp-block-kadence-advancedbtn .kb-btn_1cfb11-42.kb-button:hover, .wp-block-kadence-advancedbtn .kb-btn_1cfb11-42.kb-button:focus{border-top-color:var(--global-palette9, #ffffff);border-top-style:solid;border-right-color:var(--global-palette9, #ffffff);border-right-style:solid;border-bottom-color:var(--global-palette9, #ffffff);border-bottom-style:solid;border-left-color:var(--global-palette9, #ffffff);border-left-style:solid;}}@media all and (max-width: 767px){.wp-block-kadence-advancedbtn .kb-btn_1cfb11-42.kb-button{border-top-color:#9eadfd;border-top-style:solid;border-right-color:#9eadfd;border-right-style:solid;border-bottom-color:#9eadfd;border-bottom-style:solid;border-left-color:#9eadfd;border-left-style:solid;}.wp-block-kadence-advancedbtn .kb-btn_1cfb11-42.kb-button:hover, .wp-block-kadence-advancedbtn .kb-btn_1cfb11-42.kb-button:focus{border-top-color:var(--global-palette9, #ffffff);border-top-style:solid;border-right-color:var(--global-palette9, #ffffff);border-right-style:solid;border-bottom-color:var(--global-palette9, #ffffff);border-bottom-style:solid;border-left-color:var(--global-palette9, #ffffff);border-left-style:solid;}}<\/style><a class=\"kb-button kt-button button kb-btn_1cfb11-42 kt-btn-size-standard kt-btn-width-type-auto kb-btn-global-outline kt-btn-has-text-true kt-btn-has-svg-false wp-block-kadence-singlebtn\" href=\"http:\/\/quantum-staffing.com\/es\/apply-now\/\"><span class=\"kt-btn-inner-text\">Aplica ahora<\/span><\/a>\n\n<style>ul.menu .wp-block-kadence-advancedbtn .kb-btn_4dc5a2-b5.kb-button{width:initial;}.wp-block-kadence-advancedbtn .kb-btn_4dc5a2-b5.kb-button{color:#9eadfd;border-top-left-radius:50px;border-top-right-radius:50px;border-bottom-right-radius:50px;border-bottom-left-radius:50px;border-top-color:#9eadfd;border-top-style:solid;border-right-color:#9eadfd;border-right-style:solid;border-bottom-color:#9eadfd;border-bottom-style:solid;border-left-color:#9eadfd;border-left-style:solid;}.wp-block-kadence-advancedbtn .kb-btn_4dc5a2-b5.kb-button:hover, .wp-block-kadence-advancedbtn .kb-btn_4dc5a2-b5.kb-button:focus{color:var(--global-palette9, #ffffff);background:#9eadfd;border-top-color:var(--global-palette9, #ffffff);border-top-style:solid;border-right-color:var(--global-palette9, #ffffff);border-right-style:solid;border-bottom-color:var(--global-palette9, #ffffff);border-bottom-style:solid;border-left-color:var(--global-palette9, #ffffff);border-left-style:solid;}@media all and (max-width: 1024px){.wp-block-kadence-advancedbtn .kb-btn_4dc5a2-b5.kb-button{border-top-color:#9eadfd;border-top-style:solid;border-right-color:#9eadfd;border-right-style:solid;border-bottom-color:#9eadfd;border-bottom-style:solid;border-left-color:#9eadfd;border-left-style:solid;}}@media all and (max-width: 1024px){.wp-block-kadence-advancedbtn .kb-btn_4dc5a2-b5.kb-button:hover, .wp-block-kadence-advancedbtn .kb-btn_4dc5a2-b5.kb-button:focus{border-top-color:var(--global-palette9, #ffffff);border-top-style:solid;border-right-color:var(--global-palette9, #ffffff);border-right-style:solid;border-bottom-color:var(--global-palette9, #ffffff);border-bottom-style:solid;border-left-color:var(--global-palette9, #ffffff);border-left-style:solid;}}@media all and (max-width: 767px){.wp-block-kadence-advancedbtn .kb-btn_4dc5a2-b5.kb-button{border-top-color:#9eadfd;border-top-style:solid;border-right-color:#9eadfd;border-right-style:solid;border-bottom-color:#9eadfd;border-bottom-style:solid;border-left-color:#9eadfd;border-left-style:solid;}.wp-block-kadence-advancedbtn .kb-btn_4dc5a2-b5.kb-button:hover, .wp-block-kadence-advancedbtn .kb-btn_4dc5a2-b5.kb-button:focus{border-top-color:var(--global-palette9, #ffffff);border-top-style:solid;border-right-color:var(--global-palette9, #ffffff);border-right-style:solid;border-bottom-color:var(--global-palette9, #ffffff);border-bottom-style:solid;border-left-color:var(--global-palette9, #ffffff);border-left-style:solid;}}<\/style><a class=\"kb-button kt-button button kb-btn_4dc5a2-b5 kt-btn-size-standard kt-btn-width-type-auto kb-btn-global-outline kt-btn-has-text-true kt-btn-has-svg-false wp-block-kadence-singlebtn\" href=\"http:\/\/quantum-staffing.com\/es\/for-employers\/\"><span class=\"kt-btn-inner-text\">Contrata talento<\/span><\/a><\/div>\n<\/div><\/div>\n\n<\/div><\/div>","protected":false},"excerpt":{"rendered":"<p>About US Whether you are looking for recruitment services, a new position or just some advice, we are looking forward to helping you. We are a recruiting firm experienced that is known by the efficiency of our work, standing the difference in innovative and quality processes. We have the best experts in staffing and recruitment&#8230;<\/p>","protected":false},"author":2,"featured_media":0,"parent":0,"menu_order":0,"comment_status":"closed","ping_status":"closed","template":"","meta":{"inline_featured_image":false,"_kad_blocks_custom_css":"","_kad_blocks_head_custom_js":"","_kad_blocks_body_custom_js":"","_kad_blocks_footer_custom_js":"","_kad_post_transparent":"","_kad_post_title":"hide","_kad_post_layout":"","_kad_post_sidebar_id":"","_kad_post_content_style":"","_kad_post_vertical_padding":"hide","_kad_post_feature":"hide","_kad_post_feature_position":"","_kad_post_header":false,"_kad_post_footer":false,"footnotes":""},"class_list":["post-118","page","type-page","status-publish","hentry"],"featured_image_src_large":false,"author_info":{"display_name":"Quantum Staffing Group","author_link":"https:\/\/quantum-staffing.com\/es\/author\/mauricio-camargohomeseacontainers-com\/"},"comment_info":0,"taxonomy_info":[],"_links":{"self":[{"href":"https:\/\/quantum-staffing.com\/es\/wp-json\/wp\/v2\/pages\/118","targetHints":{"allow":["GET"]}}],"collection":[{"href":"https:\/\/quantum-staffing.com\/es\/wp-json\/wp\/v2\/pages"}],"about":[{"href":"https:\/\/quantum-staffing.com\/es\/wp-json\/wp\/v2\/types\/page"}],"author":[{"embeddable":true,"href":"https:\/\/quantum-staffing.com\/es\/wp-json\/wp\/v2\/users\/2"}],"replies":[{"embeddable":true,"href":"https:\/\/quantum-staffing.com\/es\/wp-json\/wp\/v2\/comments?post=118"}],"version-history":[{"count":35,"href":"https:\/\/quantum-staffing.com\/es\/wp-json\/wp\/v2\/pages\/118\/revisions"}],"predecessor-version":[{"id":14410,"href":"https:\/\/quantum-staffing.com\/es\/wp-json\/wp\/v2\/pages\/118\/revisions\/14410"}],"wp:attachment":[{"href":"https:\/\/quantum-staffing.com\/es\/wp-json\/wp\/v2\/media?parent=118"}],"curies":[{"name":"wp","href":"https:\/\/api.w.org\/{rel}","templated":true}]}}