{"id":120,"date":"2021-12-21T17:29:55","date_gmt":"2021-12-21T22:29:55","guid":{"rendered":"http:\/\/quantum-staffing.com\/?page_id=120"},"modified":"2022-07-14T12:58:58","modified_gmt":"2022-07-14T16:58:58","slug":"contact","status":"publish","type":"page","link":"https:\/\/quantum-staffing.com\/es\/contact\/","title":{"rendered":"Contacto"},"content":{"rendered":"<style>#kt-layout-id_006460-67 > .kt-row-column-wrap{align-content:center;}:where(#kt-layout-id_006460-67 > .kt-row-column-wrap) > .wp-block-kadence-column{justify-content:center;}#kt-layout-id_006460-67 > .kt-row-column-wrap{column-gap:var(--global-kb-gap-md, 2rem);row-gap:var(--global-kb-gap-md, 2rem);max-width:600px;margin-left:auto;margin-right:auto;padding-top:var( --global-kb-row-default-top, 25px );padding-bottom:var( --global-kb-row-default-bottom, 25px );padding-top:60px;padding-bottom:60px;min-height:350px;grid-template-columns:minmax(0, 1fr);}#kt-layout-id_006460-67{background-color:#9eadfd;background-image:url('http:\/\/quantum-staffing.com\/wp-content\/uploads\/2021\/12\/bg-contact.jpg');background-size:cover;background-position:49% 40%;background-attachment:scroll;background-repeat:no-repeat;}#kt-layout-id_006460-67 > .kt-row-layout-overlay{opacity:0.80;background-image:linear-gradient(110deg, var(--global-palette2, #2B6CB0) 0%, #3a9afe 100%);}@media all and (max-width: 1024px){#kt-layout-id_006460-67 > .kt-row-column-wrap{grid-template-columns:minmax(0, 1fr);}}@media all and (max-width: 767px){#kt-layout-id_006460-67 > .kt-row-column-wrap{min-height:250px;grid-template-columns:minmax(0, 1fr);}}<\/style>\n<div class=\"wp-block-kadence-rowlayout alignfull\"><div id=\"kt-layout-id_006460-67\" class=\"kt-row-layout-inner kt-row-has-bg kt-layout-id_006460-67\"><div class=\"kt-row-layout-overlay kt-row-overlay-gradient\"><\/div><div class=\"kt-row-column-wrap kt-has-1-columns kt-gutter-default kt-v-gutter-default kt-row-valign-middle kt-row-layout-equal kt-tab-layout-inherit kt-m-colapse-left-to-right kt-mobile-layout-row\"><style>.kadence-column_9d30b4-95 > .kt-inside-inner-col{border-top-width:0px;border-right-width:0px;border-bottom-width:0px;border-left-width:0px;}.kadence-column_9d30b4-95 > .kt-inside-inner-col,.kadence-column_9d30b4-95 > .kt-inside-inner-col:before{border-top-left-radius:0px;border-top-right-radius:0px;border-bottom-right-radius:0px;border-bottom-left-radius:0px;}.kadence-column_9d30b4-95 > .kt-inside-inner-col{column-gap:var(--global-kb-gap-sm, 1rem);}.kadence-column_9d30b4-95 > .kt-inside-inner-col{flex-direction:column;}.kadence-column_9d30b4-95 > .kt-inside-inner-col > .aligncenter{width:100%;}.kadence-column_9d30b4-95 > .kt-inside-inner-col:before{opacity:0.3;}.kadence-column_9d30b4-95{position:relative;}@media all and (max-width: 1024px){.kadence-column_9d30b4-95 > .kt-inside-inner-col{flex-direction:column;}}@media all and (max-width: 767px){.kadence-column_9d30b4-95 > .kt-inside-inner-col{flex-direction:column;}}<\/style>\n<div class=\"wp-block-kadence-column inner-column-1 kadence-column_9d30b4-95\"><div class=\"kt-inside-inner-col\"><style>.wp-block-kadence-advancedheading.kt-adv-heading_0821f8-92, .wp-block-kadence-advancedheading.kt-adv-heading_0821f8-92[data-kb-block=\"kb-adv-heading_0821f8-92\"]{margin-bottom:0px;text-align:center;font-size:4rem;line-height:1.1em;font-style:normal;text-shadow:1px 1px 1px rgba(0, 0, 0, 0.2);}.wp-block-kadence-advancedheading.kt-adv-heading_0821f8-92 mark.kt-highlight, .wp-block-kadence-advancedheading.kt-adv-heading_0821f8-92[data-kb-block=\"kb-adv-heading_0821f8-92\"] mark.kt-highlight{font-style:normal;color:#f76a0c;-webkit-box-decoration-break:clone;box-decoration-break:clone;padding-top:0px;padding-right:0px;padding-bottom:0px;padding-left:0px;}@media all and (max-width: 1024px){.wp-block-kadence-advancedheading.kt-adv-heading_0821f8-92, .wp-block-kadence-advancedheading.kt-adv-heading_0821f8-92[data-kb-block=\"kb-adv-heading_0821f8-92\"]{text-shadow:1px 1px 1px rgba(0, 0, 0, 0.2);}}@media all and (max-width: 767px){.wp-block-kadence-advancedheading.kt-adv-heading_0821f8-92, .wp-block-kadence-advancedheading.kt-adv-heading_0821f8-92[data-kb-block=\"kb-adv-heading_0821f8-92\"]{text-shadow:1px 1px 1px rgba(0, 0, 0, 0.2);font-size:2.2rem;}}<\/style>\n<h1 class=\"kt-adv-heading_0821f8-92 wp-block-kadence-advancedheading has-theme-palette-9-color has-text-color\" data-kb-block=\"kb-adv-heading_0821f8-92\">Contactanos<\/h1>\n\n\n<style>.wp-block-kadence-advancedheading.kt-adv-heading_8e771e-0c, .wp-block-kadence-advancedheading.kt-adv-heading_8e771e-0c[data-kb-block=\"kb-adv-heading_8e771e-0c\"]{text-align:center;font-size:1.4rem;line-height:1.4em;font-style:normal;}.wp-block-kadence-advancedheading.kt-adv-heading_8e771e-0c mark.kt-highlight, .wp-block-kadence-advancedheading.kt-adv-heading_8e771e-0c[data-kb-block=\"kb-adv-heading_8e771e-0c\"] mark.kt-highlight{font-style:normal;color:#f76a0c;-webkit-box-decoration-break:clone;box-decoration-break:clone;padding-top:0px;padding-right:0px;padding-bottom:0px;padding-left:0px;}@media all and (max-width: 767px){.wp-block-kadence-advancedheading.kt-adv-heading_8e771e-0c, .wp-block-kadence-advancedheading.kt-adv-heading_8e771e-0c[data-kb-block=\"kb-adv-heading_8e771e-0c\"]{font-size:1.2rem;}}<\/style>\n<p class=\"kt-adv-heading_8e771e-0c wp-block-kadence-advancedheading has-theme-palette-9-color has-text-color\" data-kb-block=\"kb-adv-heading_8e771e-0c\">Siempre es un placer poder ayudarlos.<\/p>\n<\/div><\/div>\n<\/div><\/div><\/div>\n\n\n<style>#kt-layout-id_b98026-47 > .kt-row-column-wrap{align-content:start;}:where(#kt-layout-id_b98026-47 > .kt-row-column-wrap) > .wp-block-kadence-column{justify-content:start;}#kt-layout-id_b98026-47 > .kt-row-column-wrap{column-gap:var(--global-kb-gap-md, 2rem);row-gap:var(--global-kb-gap-md, 2rem);max-width:550px;margin-left:auto;margin-right:auto;padding-top:var( --global-kb-row-default-top, 25px );padding-bottom:var( --global-kb-row-default-bottom, 25px );padding-top:60px;padding-bottom:60px;grid-template-columns:minmax(0, 1fr);}#kt-layout-id_b98026-47 > .kt-row-layout-overlay{opacity:0.30;}@media all and (max-width: 1024px){#kt-layout-id_b98026-47 > .kt-row-column-wrap{grid-template-columns:minmax(0, 1fr);}}@media all and (max-width: 767px){#kt-layout-id_b98026-47 > .kt-row-column-wrap{grid-template-columns:minmax(0, 1fr);}}<\/style>\n<div class=\"wp-block-kadence-rowlayout alignfull\"><div id=\"kt-layout-id_b98026-47\" class=\"kt-row-layout-inner kt-layout-id_b98026-47\"><div class=\"kt-row-column-wrap kt-has-1-columns kt-gutter-default kt-v-gutter-default kt-row-valign-top kt-row-layout-equal kt-tab-layout-inherit kt-m-colapse-left-to-right kt-mobile-layout-row\"><style>.kadence-column_b9febd-78 > .kt-inside-inner-col{border-top-width:0px;border-right-width:0px;border-bottom-width:0px;border-left-width:0px;}.kadence-column_b9febd-78 > .kt-inside-inner-col,.kadence-column_b9febd-78 > .kt-inside-inner-col:before{border-top-left-radius:0px;border-top-right-radius:0px;border-bottom-right-radius:0px;border-bottom-left-radius:0px;}.kadence-column_b9febd-78 > .kt-inside-inner-col{column-gap:var(--global-kb-gap-sm, 1rem);}.kadence-column_b9febd-78 > .kt-inside-inner-col{flex-direction:column;}.kadence-column_b9febd-78 > .kt-inside-inner-col > .aligncenter{width:100%;}.kadence-column_b9febd-78 > .kt-inside-inner-col:before{opacity:0.3;}.kadence-column_b9febd-78{position:relative;}@media all and (max-width: 1024px){.kadence-column_b9febd-78 > .kt-inside-inner-col{flex-direction:column;}}@media all and (max-width: 767px){.kadence-column_b9febd-78 > .kt-inside-inner-col{flex-direction:column;}}<\/style>\n<div class=\"wp-block-kadence-column inner-column-1 kadence-column_b9febd-78\"><div class=\"kt-inside-inner-col\"><style>.wp-block-kadence-advancedheading.kt-adv-heading_14a3cb-81, .wp-block-kadence-advancedheading.kt-adv-heading_14a3cb-81[data-kb-block=\"kb-adv-heading_14a3cb-81\"]{text-align:center;font-size:1.3rem;line-height:1.4em;font-style:normal;}.wp-block-kadence-advancedheading.kt-adv-heading_14a3cb-81 mark.kt-highlight, .wp-block-kadence-advancedheading.kt-adv-heading_14a3cb-81[data-kb-block=\"kb-adv-heading_14a3cb-81\"] mark.kt-highlight{font-style:normal;color:#f76a0c;-webkit-box-decoration-break:clone;box-decoration-break:clone;padding-top:0px;padding-right:0px;padding-bottom:0px;padding-left:0px;}<\/style>\n<p class=\"kt-adv-heading_14a3cb-81 wp-block-kadence-advancedheading\" data-kb-block=\"kb-adv-heading_14a3cb-81\"><strong>Nos encantar\u00eda conocer su opini\u00f3n y saber c\u00f3mo podemos mejorar como empresa en general, \u00a1escr\u00edbanos!<\/strong><\/p>\n\n\n<div class='fluentform ff-default fluentform_wrapper_1  ff_guten_block ffs_default_wrap'><form data-form_id=\"1\" id=\"fluentform_1\" class=\"frm-fluent-form fluent_form_1 ff-el-form-top ff_form_instance_1_1 ff-form-loading ff_has_v3_recptcha ffs_default\" data-form_instance=\"ff_form_instance_1_1\" method=\"POST\" data-recptcha_key=\"6LdJmqUgAAAAACK036ZU_CErbqDeMm0Q1Tj2suVa\" action=\"\" ><fieldset  style=\"border: none!important;margin: 0!important;padding: 0!important;background-color: transparent!important;box-shadow: none!important;outline: none!important; min-inline-size: 100%;\">\n                    <legend class=\"ff_screen_reader_title\" style=\"display: block; margin: 0!important;padding: 0!important;height: 0!important;text-indent: -999999px;width: 0!important;overflow:hidden;\">Contact Form<\/legend><input type='hidden' name='__fluent_form_embded_post_id' value='120' \/><input type=\"hidden\" id=\"_fluentform_1_fluentformnonce\" name=\"_fluentform_1_fluentformnonce\" value=\"4e61eb0294\" \/><input type=\"hidden\" name=\"_wp_http_referer\" value=\"\/es\/wp-json\/wp\/v2\/pages\/120\" \/><div data-type=\"name-element\" data-name=\"names\" class=\"ff-field_container ff-name-field-wrapper\" ><div class='ff-t-container'><div class='ff-t-cell'><div class='ff-el-group'><div class=\"ff-el-input--label asterisk-right\"><label for='ff_1_names_first_name_' >Nombre<\/label><\/div><div class='ff-el-input--content'><input type=\"text\" name=\"names[first_name]\" id=\"ff_1_names_first_name_\" class=\"ff-el-form-control\" aria-invalid=\"false\" aria-required=\"false\"><\/div><\/div><\/div><\/div><\/div><div class='ff-el-group'><div class=\"ff-el-input--label ff-el-is-required asterisk-right\"><label for='ff_1_email' aria-label=\"Correo Electr\u00f3nico\">Correo Electr\u00f3nico<\/label><\/div><div class='ff-el-input--content'><input type=\"email\" name=\"email\" id=\"ff_1_email\" class=\"ff-el-form-control\" data-name=\"email\"  aria-invalid=\"false\" aria-required=\"true\"><\/div><\/div><div class='ff-el-group'><div class=\"ff-el-input--label asterisk-right\"><label for='ff_1_phone' aria-label=\"Tel\u00e9fono\/Celular\">Tel\u00e9fono\/Celular<\/label><\/div><div class='ff-el-input--content'><input name=\"phone\" class=\"ff-el-form-control ff-el-phone\" type=\"tel\" placeholder=\"Mobile Number\" data-name=\"phone\" id=\"ff_1_phone\" inputmode=\"tel\"  aria-invalid='false' aria-required=\"false\"><\/div><\/div><div class='ff-el-group'><div class=\"ff-el-input--label asterisk-right\"><label for='ff_1_subject' aria-label=\"Asunto\">Asunto<\/label><\/div><div class='ff-el-input--content'><input type=\"text\" name=\"subject\" class=\"ff-el-form-control\" placeholder=\"Asunto\" data-name=\"subject\" id=\"ff_1_subject\"  aria-invalid=\"false\" aria-required=\"false\"><\/div><\/div><div class='ff-el-group'><div class=\"ff-el-input--label ff-el-is-required asterisk-right\"><label for='ff_1_message' aria-label=\"Su mensaje\">Su mensaje<\/label><\/div><div class='ff-el-input--content'><textarea aria-invalid=\"false\" aria-required=\"true\" name=\"message\" id=\"ff_1_message\" class=\"ff-el-form-control\" rows=\"4\" cols=\"2\" data-name=\"message\" ><\/textarea><\/div><\/div><div class='ff-el-group ff-text-center ff_submit_btn_wrapper ff_submit_btn_wrapper_custom'><button class=\"ff-btn ff-btn-submit ff-btn-md ff_btn_style wpf_has_custom_css\" type=\"submit\" name=\"custom_submit_button-1_1\" data-name=\"custom_submit_button-1_1\" >Enviar<\/button><style>form.fluent_form_1 .wpf_has_custom_css.ff-btn-submit { background-color:rgba(17, 54, 255, 1);border-color:rgba(17, 54, 255, 1);color:#ffffff;border-radius:8px;min-width:25%; }form.fluent_form_1 .wpf_has_custom_css.ff-btn-submit:hover { background-color:#ffffff;border-color:rgba(17, 54, 255, 1);color:#1136FF;border-radius:8px;min-width:25%; } <\/style><\/div><\/fieldset><input type=\"hidden\" name=\"trp-form-language\" value=\"es\"\/><\/form><div id='fluentform_1_errors' class='ff-errors-in-stack ff_form_instance_1_1 ff-form-loading_errors ff_form_instance_1_1_errors'><\/div><\/div>        <script type=\"text\/javascript\">\n            window.fluent_form_ff_form_instance_1_1 = {\"id\":\"1\",\"settings\":{\"layout\":{\"labelPlacement\":\"top\",\"helpMessagePlacement\":\"with_label\",\"errorMessagePlacement\":\"inline\",\"cssClassName\":\"\",\"asteriskPlacement\":\"asterisk-right\"},\"restrictions\":{\"denyEmptySubmission\":{\"enabled\":false}}},\"form_instance\":\"ff_form_instance_1_1\",\"form_id_selector\":\"fluentform_1\",\"rules\":{\"names[first_name]\":{\"required\":{\"value\":false,\"message\":\"This field is required\"}},\"names[middle_name]\":{\"required\":{\"value\":false,\"message\":\"This field is required\"}},\"names[last_name]\":{\"required\":{\"value\":false,\"message\":\"This field is required\"}},\"email\":{\"required\":{\"value\":true,\"message\":\"This field is required\"},\"email\":{\"value\":true,\"message\":\"This field must contain a valid email\"}},\"phone\":{\"required\":{\"value\":false,\"message\":\"This field is required\"},\"valid_phone_number\":{\"value\":false,\"message\":\"Phone number is not valid\"}},\"subject\":{\"required\":{\"value\":false,\"message\":\"This field is required\"}},\"message\":{\"required\":{\"value\":true,\"message\":\"This field is required\"}},\"recaptcha\":[]},\"debounce_time\":300};\n                    <\/script>\n        <\/div><\/div>\n<\/div><\/div><\/div>","protected":false},"excerpt":{"rendered":"<p>Contact Us It is always a pleasure to help you. We\u2019d love to hear your feedback and how we can get better as a company overall, write to us!<\/p>","protected":false},"author":2,"featured_media":0,"parent":0,"menu_order":0,"comment_status":"closed","ping_status":"closed","template":"","meta":{"inline_featured_image":false,"_kad_blocks_custom_css":"","_kad_blocks_head_custom_js":"","_kad_blocks_body_custom_js":"","_kad_blocks_footer_custom_js":"","_kad_post_transparent":"","_kad_post_title":"hide","_kad_post_layout":"","_kad_post_sidebar_id":"","_kad_post_content_style":"","_kad_post_vertical_padding":"hide","_kad_post_feature":"hide","_kad_post_feature_position":"","_kad_post_header":false,"_kad_post_footer":false,"footnotes":""},"class_list":["post-120","page","type-page","status-publish","hentry"],"featured_image_src_large":false,"author_info":{"display_name":"Quantum Staffing Group","author_link":"https:\/\/quantum-staffing.com\/es\/author\/mauricio-camargohomeseacontainers-com\/"},"comment_info":0,"taxonomy_info":[],"_links":{"self":[{"href":"https:\/\/quantum-staffing.com\/es\/wp-json\/wp\/v2\/pages\/120","targetHints":{"allow":["GET"]}}],"collection":[{"href":"https:\/\/quantum-staffing.com\/es\/wp-json\/wp\/v2\/pages"}],"about":[{"href":"https:\/\/quantum-staffing.com\/es\/wp-json\/wp\/v2\/types\/page"}],"author":[{"embeddable":true,"href":"https:\/\/quantum-staffing.com\/es\/wp-json\/wp\/v2\/users\/2"}],"replies":[{"embeddable":true,"href":"https:\/\/quantum-staffing.com\/es\/wp-json\/wp\/v2\/comments?post=120"}],"version-history":[{"count":21,"href":"https:\/\/quantum-staffing.com\/es\/wp-json\/wp\/v2\/pages\/120\/revisions"}],"predecessor-version":[{"id":566,"href":"https:\/\/quantum-staffing.com\/es\/wp-json\/wp\/v2\/pages\/120\/revisions\/566"}],"wp:attachment":[{"href":"https:\/\/quantum-staffing.com\/es\/wp-json\/wp\/v2\/media?parent=120"}],"curies":[{"name":"wp","href":"https:\/\/api.w.org\/{rel}","templated":true}]}}