{"id":1327,"date":"2023-10-21T17:41:42","date_gmt":"2023-10-21T21:41:42","guid":{"rendered":"https:\/\/quantum-staffing.com\/?page_id=1327"},"modified":"2023-10-21T17:44:41","modified_gmt":"2023-10-21T21:44:41","slug":"actualizacon-email","status":"publish","type":"page","link":"https:\/\/quantum-staffing.com\/es\/actualizacon-email\/","title":{"rendered":"Correo Electr\u00f3nico"},"content":{"rendered":"<h1 class=\"wp-block-heading\">Actualizaci\u00f3n de informaci\u00f3n: <\/h1>\n\n\nPor favor, seleccione una forma v\u00e1lida\n\n\n\n<p>\u00a1Listo! \u00a1Has completado el proceso de confirmaci\u00f3n con firma digital! Si necesitas ayuda, cont\u00e1ctanos.<\/p>\n\n\n\n<p>T<strong><em>ratamiento de Datos Personales:<\/em><\/strong><\/p>\n\n\n\n<p>Tu privacidad es importante para nosotros. Al completar este formulario y proporcionar tus datos, est\u00e1s aceptando que tratemos tus datos de acuerdo con nuestra&nbsp;<a href=\"https:\/\/quantum-staffing.com\/es\/privacy-policy\/\">Pol\u00edtica de Privacidad<\/a>. Los datos recopilados se utilizar\u00e1n s\u00f3lo para fines relacionados con la gesti\u00f3n de recursos humanos y cumplimiento de obligaciones legales. Para m\u00e1s detalles, consulta nuestra pol\u00edtica completa en el enlace proporcionado. Si tienes preguntas, cont\u00e1ctanos a trav\u00e9s de&nbsp;<a href=\"mailto:contact@quantum-staffing.com\">contact@quantum-staffing.com<\/a>.<\/p>\n\n\n\n<p>Al enviar este formulario, confirmas tu acuerdo con nuestras pr\u00e1cticas de tratamiento de datos personales.<\/p>","protected":false},"excerpt":{"rendered":"<p>Actualizaci\u00f3n de informaci\u00f3n: \u00a1Listo! \u00a1Has completado el proceso de confirmaci\u00f3n con firma digital! Si necesitas ayuda, cont\u00e1ctanos. Tratamiento de Datos Personales: Tu privacidad es importante para nosotros. Al completar este formulario y proporcionar tus datos, est\u00e1s aceptando que tratemos tus datos de acuerdo con nuestra&nbsp;Pol\u00edtica de Privacidad. Los datos recopilados se utilizar\u00e1n s\u00f3lo para fines&#8230;<\/p>","protected":false},"author":21,"featured_media":0,"parent":0,"menu_order":0,"comment_status":"closed","ping_status":"closed","template":"","meta":{"inline_featured_image":false,"_kad_blocks_custom_css":"","_kad_blocks_head_custom_js":"","_kad_blocks_body_custom_js":"","_kad_blocks_footer_custom_js":"","_kad_post_transparent":"","_kad_post_title":"","_kad_post_layout":"","_kad_post_sidebar_id":"","_kad_post_content_style":"","_kad_post_vertical_padding":"","_kad_post_feature":"","_kad_post_feature_position":"","_kad_post_header":false,"_kad_post_footer":false,"footnotes":""},"class_list":["post-1327","page","type-page","status-publish","hentry"],"featured_image_src_large":false,"author_info":{"display_name":"Jose Pertuz","author_link":"https:\/\/quantum-staffing.com\/es\/author\/jose-pertuz\/"},"comment_info":0,"taxonomy_info":[],"_links":{"self":[{"href":"https:\/\/quantum-staffing.com\/es\/wp-json\/wp\/v2\/pages\/1327","targetHints":{"allow":["GET"]}}],"collection":[{"href":"https:\/\/quantum-staffing.com\/es\/wp-json\/wp\/v2\/pages"}],"about":[{"href":"https:\/\/quantum-staffing.com\/es\/wp-json\/wp\/v2\/types\/page"}],"author":[{"embeddable":true,"href":"https:\/\/quantum-staffing.com\/es\/wp-json\/wp\/v2\/users\/21"}],"replies":[{"embeddable":true,"href":"https:\/\/quantum-staffing.com\/es\/wp-json\/wp\/v2\/comments?post=1327"}],"version-history":[{"count":3,"href":"https:\/\/quantum-staffing.com\/es\/wp-json\/wp\/v2\/pages\/1327\/revisions"}],"predecessor-version":[{"id":13477,"href":"https:\/\/quantum-staffing.com\/es\/wp-json\/wp\/v2\/pages\/1327\/revisions\/13477"}],"wp:attachment":[{"href":"https:\/\/quantum-staffing.com\/es\/wp-json\/wp\/v2\/media?parent=1327"}],"curies":[{"name":"wp","href":"https:\/\/api.w.org\/{rel}","templated":true}]}}