{"id":2011,"date":"2023-11-28T13:39:15","date_gmt":"2023-11-28T18:39:15","guid":{"rendered":"https:\/\/quantum-staffing.com\/?page_id=2011"},"modified":"2024-04-23T15:23:46","modified_gmt":"2024-04-23T19:23:46","slug":"slip-trip-and-fall-prevention","status":"publish","type":"page","link":"https:\/\/quantum-staffing.com\/es\/curso\/slip-trip-and-fall-prevention\/","title":{"rendered":"Slip, Trip, and Fall Prevention"},"content":{"rendered":"\t\t<div data-elementor-type=\"wp-page\" data-elementor-id=\"2011\" class=\"elementor elementor-2011\" data-elementor-post-type=\"page\">\n\t\t\t\t<div class=\"elementor-element elementor-element-c917a61 e-flex e-con-boxed e-con e-parent\" data-id=\"c917a61\" data-element_type=\"container\" data-e-type=\"container\">\n\t\t\t\t\t<div class=\"e-con-inner\">\n\t\t\t\t<div class=\"elementor-element elementor-element-72aca74 exad-sticky-section-no exad-glass-effect-no elementor-widget elementor-widget-heading\" data-id=\"72aca74\" data-element_type=\"widget\" data-e-type=\"widget\" data-settings=\"{&quot;ekit_we_effect_on&quot;:&quot;none&quot;}\" data-widget_type=\"heading.default\">\n\t\t\t\t<div class=\"elementor-widget-container\">\n\t\t\t\t\t<h2 class=\"elementor-heading-title elementor-size-default\">Slip, Trip, and Fall Prevention<\/h2>\t\t\t\t<\/div>\n\t\t\t\t<\/div>\n\t\t\t\t\t<\/div>\n\t\t\t\t<\/div>\n\t\t<div class=\"elementor-element elementor-element-ebd18bd e-flex e-con-boxed e-con e-parent\" data-id=\"ebd18bd\" data-element_type=\"container\" data-e-type=\"container\">\n\t\t\t\t\t<div class=\"e-con-inner\">\n\t\t\t\t<div class=\"elementor-element elementor-element-3623904 exad-sticky-section-no exad-glass-effect-no elementor-widget elementor-widget-text-editor\" data-id=\"3623904\" data-element_type=\"widget\" data-e-type=\"widget\" data-settings=\"{&quot;ekit_we_effect_on&quot;:&quot;none&quot;}\" data-widget_type=\"text-editor.default\">\n\t\t\t\t<div class=\"elementor-widget-container\">\n\t\t\t\t\t\t\t\t\t<div class=\"w-full text-token-text-primary\" data-testid=\"conversation-turn-515\"><div class=\"px-4 py-2 justify-center text-base md:gap-6 md:py-6 m-auto\"><div class=\"flex flex-1 text-base mx-auto gap-3 md:px-5 lg:px-1 xl:px-5 md:max-w-3xl lg:max-w-[40rem] xl:max-w-[48rem] } group\"><div class=\"relative flex w-full flex-col lg:w-[calc(100%-115px)]\"><div class=\"flex-col gap-1 md:gap-3\"><div class=\"flex flex-grow flex-col max-w-full\"><div class=\"min-h-[20px] text-message flex flex-col items-start gap-3 whitespace-pre-wrap break-words [.text-message+&amp;]:mt-5 overflow-x-auto\" data-message-author-role=\"user\" data-message-id=\"aaa2186a-a241-4c01-907b-5beffcbe5625\"><div class=\"\">\u00a0Aseg\u00farate de ver el video y dar clic en el bot\u00f3n que esta al final y luego completa el formulario que se desplegar\u00e1.<\/div><\/div><\/div><\/div><\/div><\/div><\/div><\/div>\t\t\t\t\t\t\t\t<\/div>\n\t\t\t\t<\/div>\n\t\t\t\t<div class=\"elementor-element elementor-element-3ce35e4 exad-sticky-section-no exad-glass-effect-no elementor-widget elementor-widget-video\" data-id=\"3ce35e4\" data-element_type=\"widget\" data-e-type=\"widget\" data-settings=\"{&quot;video_type&quot;:&quot;hosted&quot;,&quot;controls&quot;:&quot;yes&quot;,&quot;ekit_we_effect_on&quot;:&quot;none&quot;}\" data-widget_type=\"video.default\">\n\t\t\t\t<div class=\"elementor-widget-container\">\n\t\t\t\t\t\t\t<div class=\"e-hosted-video elementor-wrapper elementor-open-inline\">\n\t\t\t\t\t<video class=\"elementor-video\" src=\"https:\/\/quantum-staffing.com\/wp-content\/uploads\/2023\/11\/2023-11-27-10-05-33.mp4\" controls=\"\" preload=\"metadata\" controlsList=\"nodownload\"><\/video>\n\t\t\t\t<\/div>\n\t\t\t\t\t\t<\/div>\n\t\t\t\t<\/div>\n\t\t\t\t\t<\/div>\n\t\t\t\t<\/div>\n\t\t<div class=\"elementor-element elementor-element-075935c e-flex e-con-boxed e-con e-parent\" data-id=\"075935c\" data-element_type=\"container\" data-e-type=\"container\">\n\t\t\t\t\t<div class=\"e-con-inner\">\n\t\t\t\t<div class=\"elementor-element elementor-element-73b7a81 exad-sticky-section-no exad-glass-effect-no elementor-widget elementor-widget-elementskit-popup-modal\" data-id=\"73b7a81\" data-element_type=\"widget\" data-e-type=\"widget\" data-settings=\"{&quot;ekit_we_effect_on&quot;:&quot;none&quot;}\" data-widget_type=\"elementskit-popup-modal.default\">\n\t\t\t\t<div class=\"elementor-widget-container\">\n\t\t\t\t\t<div class=\"ekit-wid-con\" >        <!-- Start Markup -->\n                            <div class='ekit-popup-modal__toggler-wrapper'>\n                    <!-- Button trigger modal -->\n                    <button \n                        type=\"button\" \n                        class=\"elementskit-btn ekit-popup-btn ekit-popup-btn__filled ekit-popup__toggler ekit-popup-modal-toggler whitespace--normal\" \n                        data-toggle=\"modal\" \n                        data-target=\"#ekit-popup-modal\"\n                        id=\"ekit-popup-modal-toggler\"\n                    >\n                                                    <div class='ekit-popup-btn__has-icon'>\n                                                                Confirmar Visualizaci\u00f3n\n                                                            <\/div>\n                                            <\/button>\n                <\/div>\n            \n            <!-- Modal -->\n            <div \n                class=\"ekit-popup-modal ekit-popup-modal__outside\" \n                data-toggleafter=\"0\"\n                data-toggletype=\"button\"\n                data-cookieconsent=\"\"\n            >\n                                <div\n                    class=\"ekit-popup-modal__content ekit-popup__content animated animated- appear-from-left\" \n                    style=\"left:-700px\"\n                    data-animation=\"\"\n                >\n                                            <div class=\"ekit-popup-modal__close popup-top-left\">\n                            <i aria-hidden=\"true\" class=\"icon icon-cross\"><\/i>                        <\/div>\n                    \n                    <!-- Start Header -->\n                                        <!-- End Header -->\n\n                    <!-- Start Body -->\n                    <div class=\"ekit-popup-modal__body ekit-popup__body\">\n                        \t\t\t\t\t\t\t<div class=\"ekit-popup__raw-content\">\n\t\t\t\t\t\t\t\t<div class=\"plato-form-widget\" data-options=\"id:frsv0yc1ywi;width:100%;height:0;host:form.platoforms.com\/\"><\/div><div id=\"frsv0yc1ywi-loading-msg\"><p>Loading the Form&#8230;<\/p><\/div> <script type=\"text\/javascript\"> (function(d, v){ var s = d.getElementsByTagName(v)[0], p = s.parentNode, e = d.createElement(v); e.src = ('https:' == d.location.protocol ? 'https:\/\/' : 'http:\/\/') + 'static.platoforms.com\/assets\/dist\/formbuilder.js?v=15'; p.insertBefore(e, s); })(document, 'script'); <\/script>\t\t\t\t\t\t\t<\/div>\n\t\t\t\t\t\t                    <\/div>\n                    <!-- Emd Body -->\n\n                    <!-- Start Footer -->\n                                        <!-- End Footer -->\n                <\/div>\n                                    <div class=\"ekit-popup-modal__overlay ekit-popup__close\"><\/div>\n                            <\/div>\n        <!-- End Markup -->\n    <\/div>\t\t\t\t<\/div>\n\t\t\t\t<\/div>\n\t\t\t\t\t<\/div>\n\t\t\t\t<\/div>\n\t\t\t\t<\/div>\n\t\t","protected":false},"excerpt":{"rendered":"<p>Slip, Trip, and Fall Prevention \u00a0Aseg\u00farate de ver el video y dar clic en el bot\u00f3n que esta al final y luego completa el formulario que se desplegar\u00e1.https:\/\/quantum-staffing.com\/wp-content\/uploads\/2023\/11\/2023-11-27-10-05-33.mp4 Confirmar Visualizaci\u00f3n Loading the Form&#8230;<\/p>","protected":false},"author":21,"featured_media":0,"parent":1855,"menu_order":0,"comment_status":"closed","ping_status":"closed","template":"","meta":{"inline_featured_image":false,"_kad_blocks_custom_css":"","_kad_blocks_head_custom_js":"","_kad_blocks_body_custom_js":"","_kad_blocks_footer_custom_js":"","_kad_post_transparent":"","_kad_post_title":"hide","_kad_post_layout":"fullwidth","_kad_post_sidebar_id":"","_kad_post_content_style":"unboxed","_kad_post_vertical_padding":"hide","_kad_post_feature":"hide","_kad_post_feature_position":"","_kad_post_header":false,"_kad_post_footer":false,"footnotes":""},"class_list":["post-2011","page","type-page","status-publish","hentry"],"featured_image_src_large":false,"author_info":{"display_name":"Jose Pertuz","author_link":"https:\/\/quantum-staffing.com\/es\/author\/jose-pertuz\/"},"comment_info":0,"taxonomy_info":[],"_links":{"self":[{"href":"https:\/\/quantum-staffing.com\/es\/wp-json\/wp\/v2\/pages\/2011","targetHints":{"allow":["GET"]}}],"collection":[{"href":"https:\/\/quantum-staffing.com\/es\/wp-json\/wp\/v2\/pages"}],"about":[{"href":"https:\/\/quantum-staffing.com\/es\/wp-json\/wp\/v2\/types\/page"}],"author":[{"embeddable":true,"href":"https:\/\/quantum-staffing.com\/es\/wp-json\/wp\/v2\/users\/21"}],"replies":[{"embeddable":true,"href":"https:\/\/quantum-staffing.com\/es\/wp-json\/wp\/v2\/comments?post=2011"}],"version-history":[{"count":19,"href":"https:\/\/quantum-staffing.com\/es\/wp-json\/wp\/v2\/pages\/2011\/revisions"}],"predecessor-version":[{"id":4511,"href":"https:\/\/quantum-staffing.com\/es\/wp-json\/wp\/v2\/pages\/2011\/revisions\/4511"}],"up":[{"embeddable":true,"href":"https:\/\/quantum-staffing.com\/es\/wp-json\/wp\/v2\/pages\/1855"}],"wp:attachment":[{"href":"https:\/\/quantum-staffing.com\/es\/wp-json\/wp\/v2\/media?parent=2011"}],"curies":[{"name":"wp","href":"https:\/\/api.w.org\/{rel}","templated":true}]}}