{"id":3366,"date":"2024-01-30T14:41:52","date_gmt":"2024-01-30T19:41:52","guid":{"rendered":"https:\/\/quantum-staffing.com\/?page_id=3366"},"modified":"2024-02-03T11:26:25","modified_gmt":"2024-02-03T16:26:25","slug":"general-labor","status":"publish","type":"page","link":"https:\/\/quantum-staffing.com\/es\/hr\/elogistics\/plainfield\/general-labor\/","title":{"rendered":"E LOGISTICS Plainfield Guidelines &#038; SOPs &#8211; GENERAL LABOR"},"content":{"rendered":"<div data-elementor-type=\"wp-page\" data-elementor-id=\"3366\" class=\"elementor elementor-3366\" data-elementor-post-type=\"page\">\n\t\t\t\t<div class=\"elementor-element elementor-element-b30302d e-flex e-con-boxed e-con e-parent\" data-id=\"b30302d\" data-element_type=\"container\">\n\t\t\t\t\t<div class=\"e-con-inner\">\n\t\t\t\t<div class=\"elementor-element elementor-element-7c0c772 exad-sticky-section-no exad-glass-effect-no elementor-widget elementor-widget-heading\" data-id=\"7c0c772\" data-element_type=\"widget\" data-settings=\"{&quot;ekit_we_effect_on&quot;:&quot;none&quot;}\" data-widget_type=\"heading.default\">\n\t\t\t\t<div class=\"elementor-widget-container\">\n\t\t\t\t\t<h2 class=\"elementor-heading-title elementor-size-default\">Procedimiento Operativo Est\u00e1ndar (SOP) relacionado con la seguridad en almacenes.<\/h2>\t\t\t\t<\/div>\n\t\t\t\t<\/div>\n\t\t\t\t<div class=\"elementor-element elementor-element-5de2d1f exad-sticky-section-no exad-glass-effect-no elementor-widget elementor-widget-text-editor\" data-id=\"5de2d1f\" data-element_type=\"widget\" data-settings=\"{&quot;ekit_we_effect_on&quot;:&quot;none&quot;}\" data-widget_type=\"text-editor.default\">\n\t\t\t\t<div class=\"elementor-widget-container\">\n\t\t\t\t\t\t\t\t\t<div class=\"flex-1 overflow-hidden\"><div class=\"react-scroll-to-bottom--css-nvtdc-79elbk h-full\"><div class=\"react-scroll-to-bottom--css-nvtdc-1n7m0yu\"><div class=\"flex flex-col pb-9 text-sm\"><div class=\"w-full text-token-text-primary\" data-testid=\"conversation-turn-11\"><div class=\"px-4 py-2 justify-center text-base md:gap-6 m-auto\"><div class=\"flex flex-1 text-base mx-auto gap-3 md:px-5 lg:px-1 xl:px-5 md:max-w-3xl lg:max-w-[40rem] xl:max-w-[48rem] group final-completion\"><div class=\"relative flex w-full flex-col lg:w-[calc(100%-115px)] agent-turn\"><div class=\"flex-col gap-1 md:gap-3\"><div class=\"flex flex-grow flex-col max-w-full\"><div class=\"min-h-[20px] text-message flex flex-col items-start gap-3 whitespace-pre-wrap break-words [.text-message+&amp;]:mt-5 overflow-x-auto\" data-message-author-role=\"assistant\" data-message-id=\"5eab1724-984f-428a-add0-4bca3564b7cd\"><div class=\"markdown prose w-full break-words dark:prose-invert light\"><p><strong><span style=\"vertical-align: inherit;\"><span style=\"vertical-align: inherit;\">Te damos una c\u00e1lida bienvenida a nuestro SOP de Seguridad en Almacenes.<\/span><\/span><\/strong><span style=\"vertical-align: inherit;\"><span style=\"vertical-align: inherit;\"> Esto es un documento esencial para mantener un entorno de trabajo seguro y eficiente. En este documento, encontrar\u00e1s pautas sobre estacionamiento, acceso y seguridad, la obligatoriedad del equipo de protecci\u00f3n y certificaci\u00f3n de montacargas, regulaciones para estacionamiento y acceso al edificio, prohibiciones de fumar y alimentos en \u00e1reas espec\u00edficas, categorizaci\u00f3n de violaciones y reglas para evitar sanciones, registro puntual y notificaci\u00f3n de ausencias, prohibici\u00f3n de trabajar durante descansos, c\u00f3digo de vestimenta y uso obligatorio de Equipo de Protecci\u00f3n Personal (EPP), uso de tableros y mensajes electr\u00f3nicos, procedimientos en caso de cierre de emergencia, instrucciones para el portal de n\u00f3mina y opciones de planes m\u00e9dicos. Tu participaci\u00f3n activa es clave para tu \u00e9xito personal y nuestro cumplimiento colectivo. Al finalizar la revisi\u00f3n, por favor, <strong>firma este documento como muestra de tu compromiso.<\/strong><\/span><\/span><\/p><\/div><\/div><\/div><div class=\"mt-1 flex justify-start gap-3 empty:hidden\"><div class=\"text-gray-400 flex self-end lg:self-center justify-center lg:justify-start mt-0 -ml-1 visible\">\u00a0<\/div><\/div><\/div><\/div><\/div><\/div><\/div><\/div><\/div><\/div><\/div>\t\t\t\t\t\t\t\t<\/div>\n\t\t\t\t<\/div>\n\t\t\t\t\t<\/div>\n\t\t\t\t<\/div>\n\t\t<div class=\"elementor-element elementor-element-012c8c2 e-flex e-con-boxed e-con e-parent\" data-id=\"012c8c2\" data-element_type=\"container\">\n\t\t\t\t\t<div class=\"e-con-inner\">\n\t\t<div class=\"elementor-element elementor-element-47bd8dc e-con-full e-flex e-con e-child\" data-id=\"47bd8dc\" data-element_type=\"container\">\n\t\t\t\t<\/div>\n\t\t<div class=\"elementor-element elementor-element-b8a309f e-con-full e-flex e-con e-child\" data-id=\"b8a309f\" data-element_type=\"container\">\n\t\t\t\t<div class=\"elementor-element elementor-element-47c2bb5 exad-sticky-section-no exad-glass-effect-no elementor-widget elementor-widget-shortcode\" data-id=\"47c2bb5\" data-element_type=\"widget\" data-settings=\"{&quot;ekit_we_effect_on&quot;:&quot;none&quot;}\" data-widget_type=\"shortcode.default\">\n\t\t\t\t<div class=\"elementor-widget-container\">\n\t\t\t\t\t\t\t<div class=\"elementor-shortcode\"><a href=\"https:\/\/quantum-staffing.com\/wp-content\/uploads\/2024\/01\/CLIENT-Guidelines-SOPs-E-logistics.-NJ.-PLAINFIELD.-GENERAL-LABOR.pdf\" class=\"pdfemb-viewer\" style=\"width: 800px; height: 600px; \" data-width=\"800\" data-height=\"600\" data-mobile-width=\"0\"  data-scrollbar=\"vertical\" data-download=\"off\" data-tracking=\"on\" data-newwindow=\"off\" data-pagetextbox=\"off\" data-scrolltotop=\"on\" data-startzoom=\"100\" data-startfpzoom=\"100\" data-toolbar=\"top\" data-toolbar-fixed=\"on\">CLIENT-Guidelines-SOPs-E-logistics.-NJ.-PLAINFIELD.-GENERAL-LABOR<br\/><\/a>\n<\/div>\n\t\t\t\t\t\t<\/div>\n\t\t\t\t<\/div>\n\t\t\t\t<\/div>\n\t\t<div class=\"elementor-element elementor-element-7d6d370 e-con-full e-flex e-con e-child\" data-id=\"7d6d370\" data-element_type=\"container\">\n\t\t\t\t<\/div>\n\t\t\t\t\t<\/div>\n\t\t\t\t<\/div>\n\t\t<div class=\"elementor-element elementor-element-ee2af7e e-flex e-con-boxed e-con e-parent\" data-id=\"ee2af7e\" data-element_type=\"container\">\n\t\t\t\t\t<div class=\"e-con-inner\">\n\t\t\t\t<div class=\"elementor-element elementor-element-cc975b0 exad-sticky-section-no exad-glass-effect-no elementor-widget elementor-widget-html\" data-id=\"cc975b0\" data-element_type=\"widget\" data-settings=\"{&quot;ekit_we_effect_on&quot;:&quot;none&quot;}\" data-widget_type=\"html.default\">\n\t\t\t\t<div class=\"elementor-widget-container\">\n\t\t\t\t\t<div class=\"plato-form-widget\" data-options=\"id:frlzcdb034s;width:100%;height:0;host:form.platoforms.com\/\"><\/div><div id=\"frlzcdb034s-loading-msg\"><p>Loading the Form...<\/p><\/div> <script type=\"text\/javascript\"> (function(d, v){ var s = d.getElementsByTagName(v)[0], p = s.parentNode, e = d.createElement(v); e.src = ('https:' == d.location.protocol ? 'https:\/\/' : 'http:\/\/') + 'static.platoforms.com\/assets\/dist\/formbuilder.js?v=15'; p.insertBefore(e, s); })(document, 'script'); <\/script>\t\t\t\t<\/div>\n\t\t\t\t<\/div>\n\t\t\t\t\t<\/div>\n\t\t\t\t<\/div>\n\t\t\t\t<\/div>","protected":false},"excerpt":{"rendered":"<p>Procedimiento Operativo Est\u00e1ndar (SOP) relacionado con la seguridad en almacenes. Te damos una c\u00e1lida bienvenida a nuestro SOP de Seguridad en Almacenes. Esto es un documento esencial para mantener un entorno de trabajo seguro y eficiente. En este documento, encontrar\u00e1s pautas sobre estacionamiento, acceso y seguridad, la obligatoriedad del equipo de protecci\u00f3n y certificaci\u00f3n de&#8230;<\/p>","protected":false},"author":2,"featured_media":0,"parent":3333,"menu_order":0,"comment_status":"closed","ping_status":"closed","template":"","meta":{"inline_featured_image":false,"_kad_blocks_custom_css":"","_kad_blocks_head_custom_js":"","_kad_blocks_body_custom_js":"","_kad_blocks_footer_custom_js":"","_kad_post_transparent":"","_kad_post_title":"hide","_kad_post_layout":"fullwidth","_kad_post_sidebar_id":"","_kad_post_content_style":"unboxed","_kad_post_vertical_padding":"hide","_kad_post_feature":"hide","_kad_post_feature_position":"","_kad_post_header":false,"_kad_post_footer":false,"footnotes":""},"class_list":["post-3366","page","type-page","status-publish","hentry"],"featured_image_src_large":false,"author_info":{"display_name":"Quantum Staffing Group","author_link":"https:\/\/quantum-staffing.com\/es\/author\/mauricio-camargohomeseacontainers-com\/"},"comment_info":0,"taxonomy_info":[],"_links":{"self":[{"href":"https:\/\/quantum-staffing.com\/es\/wp-json\/wp\/v2\/pages\/3366","targetHints":{"allow":["GET"]}}],"collection":[{"href":"https:\/\/quantum-staffing.com\/es\/wp-json\/wp\/v2\/pages"}],"about":[{"href":"https:\/\/quantum-staffing.com\/es\/wp-json\/wp\/v2\/types\/page"}],"author":[{"embeddable":true,"href":"https:\/\/quantum-staffing.com\/es\/wp-json\/wp\/v2\/users\/2"}],"replies":[{"embeddable":true,"href":"https:\/\/quantum-staffing.com\/es\/wp-json\/wp\/v2\/comments?post=3366"}],"version-history":[{"count":14,"href":"https:\/\/quantum-staffing.com\/es\/wp-json\/wp\/v2\/pages\/3366\/revisions"}],"predecessor-version":[{"id":3402,"href":"https:\/\/quantum-staffing.com\/es\/wp-json\/wp\/v2\/pages\/3366\/revisions\/3402"}],"up":[{"embeddable":true,"href":"https:\/\/quantum-staffing.com\/es\/wp-json\/wp\/v2\/pages\/3333"}],"wp:attachment":[{"href":"https:\/\/quantum-staffing.com\/es\/wp-json\/wp\/v2\/media?parent=3366"}],"curies":[{"name":"wp","href":"https:\/\/api.w.org\/{rel}","templated":true}]}}