{"id":6549,"date":"2024-08-12T17:29:52","date_gmt":"2024-08-12T21:29:52","guid":{"rendered":"https:\/\/quantum-staffing.com\/?page_id=6549"},"modified":"2024-08-12T17:55:14","modified_gmt":"2024-08-12T21:55:14","slug":"entrenamiento-prueba","status":"publish","type":"page","link":"https:\/\/quantum-staffing.com\/es\/curso\/entrenamiento-prueba\/","title":{"rendered":"Entrenamiento prueba"},"content":{"rendered":"<div data-elementor-type=\"wp-page\" data-elementor-id=\"6549\" class=\"elementor elementor-6549\" data-elementor-post-type=\"page\">\n\t\t\t\t<div class=\"elementor-element elementor-element-c30e770 e-flex e-con-boxed e-con e-parent\" data-id=\"c30e770\" data-element_type=\"container\">\n\t\t\t\t\t<div class=\"e-con-inner\">\n\t\t\t\t<div class=\"elementor-element elementor-element-cd117e4 exad-sticky-section-no exad-glass-effect-no elementor-widget elementor-widget-heading\" data-id=\"cd117e4\" data-element_type=\"widget\" data-settings=\"{&quot;ekit_we_effect_on&quot;:&quot;none&quot;}\" data-widget_type=\"heading.default\">\n\t\t\t\t<div class=\"elementor-widget-container\">\n\t\t\t\t\t<h2 class=\"elementor-heading-title elementor-size-default\">Formaci\u00f3n en sensibilizaci\u00f3n sobre equipos de protecci\u00f3n individual \/ Personal Protective Equipment Awareness Training <\/h2>\t\t\t\t<\/div>\n\t\t\t\t<\/div>\n\t\t\t\t\t<\/div>\n\t\t\t\t<\/div>\n\t\t<div class=\"elementor-element elementor-element-5605eb45 e-flex e-con-boxed e-con e-parent\" data-id=\"5605eb45\" data-element_type=\"container\">\n\t\t\t\t\t<div class=\"e-con-inner\">\n\t\t\t\t<div class=\"elementor-element elementor-element-1724bba elementor-layout-start e-tabs-view-vertical exad-sticky-section-no exad-glass-effect-no elementor-widget elementor-widget-video-playlist\" data-id=\"1724bba\" data-element_type=\"widget\" data-settings=\"{&quot;playlist_title&quot;:&quot;Elija el idioma \\\/ Choose language&quot;,&quot;tabs&quot;:[{&quot;title&quot;:&quot;Introduction&quot;,&quot;youtube_url&quot;:&quot;https:\\\/\\\/youtu.be\\\/z4fcPxcnsl8&quot;,&quot;duration&quot;:&quot;21:00&quot;,&quot;thumbnail&quot;:{&quot;url&quot;:&quot;https:\\\/\\\/img.youtube.com\\\/vi\\\/XHOmBV4js_E\\\/maxresdefault.jpg&quot;,&quot;id&quot;:&quot;&quot;,&quot;size&quot;:&quot;&quot;},&quot;_id&quot;:&quot;0c402b4&quot;,&quot;vimeo_url&quot;:null,&quot;type&quot;:&quot;youtube&quot;,&quot;is_external_url&quot;:null,&quot;hosted_url&quot;:null,&quot;external_url&quot;:null,&quot;inner_tab_is_content_visible&quot;:&quot;&quot;,&quot;inner_tab_content_1&quot;:null,&quot;inner_tab_content_2&quot;:null},{&quot;title&quot;:&quot;Espa\\u00f1ol&quot;,&quot;youtube_url&quot;:&quot;https:\\\/\\\/www.youtube.com\\\/watch?v=kt8JFTI635c&amp;feature=youtu.be&quot;,&quot;duration&quot;:&quot;19:00&quot;,&quot;thumbnail&quot;:{&quot;url&quot;:&quot;https:\\\/\\\/img.youtube.com\\\/vi\\\/XHOmBV4js_E\\\/maxresdefault.jpg&quot;,&quot;id&quot;:&quot;&quot;,&quot;size&quot;:&quot;&quot;},&quot;vimeo_url&quot;:null,&quot;_id&quot;:&quot;a8da3e8&quot;,&quot;type&quot;:&quot;youtube&quot;,&quot;is_external_url&quot;:null,&quot;hosted_url&quot;:null,&quot;external_url&quot;:null,&quot;inner_tab_is_content_visible&quot;:&quot;&quot;,&quot;inner_tab_content_1&quot;:null,&quot;inner_tab_content_2&quot;:null},{&quot;title&quot;:&quot;English&quot;,&quot;youtube_url&quot;:&quot;https:\\\/\\\/youtu.be\\\/Kpq0u8UX4Eo&quot;,&quot;duration&quot;:&quot;19:00&quot;,&quot;thumbnail&quot;:{&quot;url&quot;:&quot;https:\\\/\\\/img.youtube.com\\\/vi\\\/XHOmBV4js_E\\\/maxresdefault.jpg&quot;,&quot;id&quot;:&quot;&quot;,&quot;size&quot;:&quot;&quot;},&quot;vimeo_url&quot;:null,&quot;_id&quot;:&quot;52fd28c&quot;,&quot;type&quot;:&quot;youtube&quot;,&quot;is_external_url&quot;:null,&quot;hosted_url&quot;:null,&quot;external_url&quot;:null,&quot;inner_tab_is_content_visible&quot;:&quot;&quot;,&quot;inner_tab_content_1&quot;:null,&quot;inner_tab_content_2&quot;:null}],&quot;inner_tab_title_1&quot;:&quot;Tab #1&quot;,&quot;inner_tab_title_2&quot;:&quot;Tab #2&quot;,&quot;show_watched_indication&quot;:&quot;yes&quot;,&quot;lazy_load&quot;:&quot;yes&quot;,&quot;ekit_we_effect_on&quot;:&quot;none&quot;}\" data-widget_type=\"video-playlist.default\">\n\t\t\t\t<div class=\"elementor-widget-container\">\n\t\t\t\t\t\n\t\t<div class=\"e-tabs\">\n\t\t\t<div class=\"e-tabs-main-area\">\n\t\t\t\t<div class=\"e-tabs-wrapper\">\n\t\t\t\t\t<div class=\"e-tabs-header\">\n\t\t\t\t\t\t\t\t\t\t\t\t<h2 class=\"e-tabs-title\">Elija el idioma \/ Choose language<\/h2>\n\t\t\t\t\t\t<div class=\"e-tabs-header-right-side\">\n\t\t\t\t\t\t\t\t\t\t\t\t\t\t\t<span class=\"e-tabs-videos-count\">3 Videos<\/span>\n\t\t\t\t\t\t\t\t\t\t\t\t\t\t<i aria-hidden=\"true\" class=\"e-tabs-toggle-videos-display-button rotate-down eicon-caret-down\"><\/i>\t\t\t\t\t\t<\/div>\n\t\t\t\t\t<\/div>\n\t\t\t\t\t<div class=\"e-tabs-items-wrapper\">\n\t\t\t\t\t\t<div class=\"e-tabs-items\" role=\"tablist\">\n\t\t\t\t\t\t\t\t\t\t\t\t\t\t\t\t\t\t\t\t\t\t\t\t<div id=\"e-tab-title-2421\" class=\"e-tab-title e-tab-desktop-title\" aria-selected=\"true\" data-tab=\"1\" role=\"tab\" tabindex=\"0\" aria-controls=\"e-tab-content-2421\">\n\t\t\t\t\t\t\t\t\t\t\t\t\t\t\t\t\t\t\t\t\t<span class=\"icon-play\"><i aria-hidden=\"true\" class=\"fas fa-play-circle\"><\/i><\/span>\n\t\t\t\t\t\t\t\t\t\t\t<span class=\"icon-watched\"><i aria-hidden=\"true\" class=\"fas fa-check-circle\"><\/i><\/span>\n\t\t\t\t\t\t\t\t\t\t\t\t\t\t\t\t\t\t\t\t<h4 class=\"e-tab-title-text\" title=\"Introduction\">\n\t\t\t\t\t\t\t\t\t\t\t<a tabindex=\"0\">\n\t\t\t\t\t\t\t\t\t\t\t\t\t\t\t\t\t\t\t\t\t\t\t\tIntroduction\t\t\t\t\t\t\t\t\t\t\t<\/a>\n\t\t\t\t\t\t\t\t\t\t<\/h4>\n\t\t\t\t\t\t\t\t\t\t\t\t\t\t\t\t\t\t\t\t\t<span class=\"e-tab-duration\">21:00<\/span>\n\t\t\t\t\t\t\t\t\t\t\t\t\t\t\t\t\t\t\t<\/div>\n\t\t\t\t\t\t\t\t\t\t\t\t\t\t\t\t\t\t\t\t\t\t\t\t\t\t\t\t\t\t\t\t<div id=\"e-tab-title-2422\" class=\"e-tab-title e-tab-desktop-title\" aria-selected=\"false\" data-tab=\"2\" role=\"tab\" tabindex=\"-1\" aria-controls=\"e-tab-content-2422\">\n\t\t\t\t\t\t\t\t\t\t\t\t\t\t\t\t\t\t\t\t\t<span class=\"icon-play\"><i aria-hidden=\"true\" class=\"fas fa-play-circle\"><\/i><\/span>\n\t\t\t\t\t\t\t\t\t\t\t<span class=\"icon-watched\"><i aria-hidden=\"true\" class=\"fas fa-check-circle\"><\/i><\/span>\n\t\t\t\t\t\t\t\t\t\t\t\t\t\t\t\t\t\t\t\t<h4 class=\"e-tab-title-text\" title=\"Espa\u00f1ol\">\n\t\t\t\t\t\t\t\t\t\t\t<a tabindex=\"0\">\n\t\t\t\t\t\t\t\t\t\t\t\t\t\t\t\t\t\t\t\t\t\t\t\tEspa\u00f1ol\t\t\t\t\t\t\t\t\t\t\t<\/a>\n\t\t\t\t\t\t\t\t\t\t<\/h4>\n\t\t\t\t\t\t\t\t\t\t\t\t\t\t\t\t\t\t\t\t\t<span class=\"e-tab-duration\">19:00<\/span>\n\t\t\t\t\t\t\t\t\t\t\t\t\t\t\t\t\t\t\t<\/div>\n\t\t\t\t\t\t\t\t\t\t\t\t\t\t\t\t\t\t\t\t\t\t\t\t\t\t\t\t\t\t\t\t<div id=\"e-tab-title-2423\" class=\"e-tab-title e-tab-desktop-title\" aria-selected=\"false\" data-tab=\"3\" role=\"tab\" tabindex=\"-1\" aria-controls=\"e-tab-content-2423\">\n\t\t\t\t\t\t\t\t\t\t\t\t\t\t\t\t\t\t\t\t\t<span class=\"icon-play\"><i aria-hidden=\"true\" class=\"fas fa-play-circle\"><\/i><\/span>\n\t\t\t\t\t\t\t\t\t\t\t<span class=\"icon-watched\"><i aria-hidden=\"true\" class=\"fas fa-check-circle\"><\/i><\/span>\n\t\t\t\t\t\t\t\t\t\t\t\t\t\t\t\t\t\t\t\t<h4 class=\"e-tab-title-text\" title=\"Ingl\u00e9s\">\n\t\t\t\t\t\t\t\t\t\t\t<a tabindex=\"0\">\n\t\t\t\t\t\t\t\t\t\t\t\t\t\t\t\t\t\t\t\t\t\t\t\tIngl\u00e9s\t\t\t\t\t\t\t\t\t\t\t<\/a>\n\t\t\t\t\t\t\t\t\t\t<\/h4>\n\t\t\t\t\t\t\t\t\t\t\t\t\t\t\t\t\t\t\t\t\t<span class=\"e-tab-duration\">19:00<\/span>\n\t\t\t\t\t\t\t\t\t\t\t\t\t\t\t\t\t\t\t<\/div>\n\t\t\t\t\t\t\t\t\t\t\t\t\t\t\t\t\t\t\t\t\t<\/div>\n\t\t\t\t\t\t<div class=\"shadow shadow-top\" aria-hidden=\"true\"><\/div>\n\t\t\t\t\t\t<div class=\"shadow shadow-bottom\" aria-hidden=\"true\"><\/div>\n\t\t\t\t\t<\/div>\n\t\t\t\t<\/div>\n\n\t\t\t\t<div class=\"e-tabs-content-wrapper\" role=\"tablist\" aria-orientation=\"vertical\">\n\t\t\t\t\t\t\t\t\t\t\t<div id=\"e-tab-content-2421\" class=\"e-tab-content elementor-clearfix\" data-tab=\"1\" role=\"tabpanel\" aria-labelledby=\"e-tab-title-2421\" tabindex=\"0\" data-video-url=\"https:\/\/youtu.be\/z4fcPxcnsl8\" data-video-type=\"youtube\" data-video-title=\"Introduction\" data-video-duration=\"21:00\">\n\t\t\t\t\t\t\t<div><\/div>\n\t\t\t\t\t\t\t\t\t\t\t\t\t<\/div>\n\t\t\t\t\t\t\t\t\t\t\t<div id=\"e-tab-content-2422\" class=\"e-tab-content elementor-clearfix\" data-tab=\"2\" role=\"tabpanel\" aria-labelledby=\"e-tab-title-2422\" tabindex=\"0\" data-video-url=\"https:\/\/www.youtube.com\/watch?v=kt8JFTI635c&amp;feature=youtu.be\" data-video-type=\"youtube\" data-video-title=\"Espa\u00f1ol\" data-video-duration=\"19:00\" hidden=\"hidden\">\n\t\t\t\t\t\t\t<div><\/div>\n\t\t\t\t\t\t\t\t\t\t\t\t\t<\/div>\n\t\t\t\t\t\t\t\t\t\t\t<div id=\"e-tab-content-2423\" class=\"e-tab-content elementor-clearfix\" data-tab=\"3\" role=\"tabpanel\" aria-labelledby=\"e-tab-title-2423\" tabindex=\"0\" data-video-url=\"https:\/\/youtu.be\/Kpq0u8UX4Eo\" data-video-type=\"youtube\" data-video-title=\"English\" data-video-duration=\"19:00\" hidden=\"hidden\">\n\t\t\t\t\t\t\t<div><\/div>\n\t\t\t\t\t\t\t\t\t\t\t\t\t<\/div>\n\t\t\t\t\t\t\t\t\t<\/div>\n\t\t\t<\/div>\n\n\t\t\t<div class=\"e-tabs-inner-tabs\" >\n\t\t\t\t\t\t\t\t\t\t\t\t\t\t\t\t\t\t\t\t\t\t\t\t\t\t\t\t\t\t\t\t\t\t<\/div>\n\t\t<\/div>\n\t\t\t\t\t\t<\/div>\n\t\t\t\t<\/div>\n\t\t\t\t<div class=\"elementor-element elementor-element-67c2bd3 exad-sticky-section-no exad-glass-effect-no elementor-widget elementor-widget-elementskit-popup-modal\" data-id=\"67c2bd3\" data-element_type=\"widget\" data-settings=\"{&quot;ekit_we_effect_on&quot;:&quot;none&quot;}\" data-widget_type=\"elementskit-popup-modal.default\">\n\t\t\t\t<div class=\"elementor-widget-container\">\n\t\t\t\t\t<div class=\"ekit-wid-con\" >        <!-- Start Markup -->\n                            <div class='ekit-popup-modal__toggler-wrapper'>\n                    <!-- Button trigger modal -->\n                    <button \n                        type=\"button\" \n                        class=\"elementskit-btn ekit-popup-btn ekit-popup-btn__filled ekit-popup__toggler ekit-popup-modal-toggler whitespace--normal\" \n                        data-toggle=\"modal\" \n                        data-target=\"#ekit-popup-modal\"\n                        id=\"ekit-popup-modal-toggler\"\n                    >\n                                                    <div class='ekit-popup-btn__has-icon'>\n                                                                Confirmar Visualizaci\u00f3n \/ Confirm Display\n                                                            <\/div>\n                                            <\/button>\n                <\/div>\n            \n            <!-- Modal -->\n            <div \n                class=\"ekit-popup-modal ekit-popup-modal__outside\" \n                data-toggleafter=\"0\"\n                data-toggletype=\"button\"\n                data-cookieconsent=\"\"\n            >\n                                <div\n                    class=\"ekit-popup-modal__content ekit-popup__content animated animated- appear-from-left\" \n                    style=\"left:-\"\n                    data-animation=\"\"\n                >\n                                            <div class=\"ekit-popup-modal__close popup-top-left\">\n                            <i aria-hidden=\"true\" class=\"icon icon-cross\"><\/i>                        <\/div>\n                    \n                    <!-- Start Header -->\n                                        <!-- End Header -->\n\n                    <!-- Start Body -->\n                    <div class=\"ekit-popup-modal__body ekit-popup__body\">\n                        \t\t\t\t\t\t\t<div class=\"ekit-popup__raw-content\">\n\t\t\t\t\t\t\t\t<div class=\"plato-form-widget\" data-options=\"id:fr7hfl075oi;width:100%;height:0;host:form.platoforms.com\/\"><\/div><div id=\"fr7hfl075oi-loading-msg\"><p>Loading the Form&#8230;<\/p><\/div> <script type=\"text\/javascript\"> (function(d, v){ var s = d.getElementsByTagName(v)[0], p = s.parentNode, e = d.createElement(v); e.src = ('https:' == d.location.protocol ? 'https:\/\/' : 'http:\/\/') + 'static.platoforms.com\/assets\/dist\/formbuilder.js?v=15'; p.insertBefore(e, s); })(document, 'script'); <\/script>\t\t\t\t\t\t\t<\/div>\n\t\t\t\t\t\t                    <\/div>\n                    <!-- Emd Body -->\n\n                    <!-- Start Footer -->\n                                        <!-- End Footer -->\n                <\/div>\n                                    <div class=\"ekit-popup-modal__overlay ekit-popup__close\"><\/div>\n                            <\/div>\n        <!-- End Markup -->\n    <\/div>\t\t\t\t<\/div>\n\t\t\t\t<\/div>\n\t\t\t\t\t<\/div>\n\t\t\t\t<\/div>\n\t\t\t\t<\/div>","protected":false},"excerpt":{"rendered":"<p>Formaci\u00f3n en sensibilizaci\u00f3n sobre equipos de protecci\u00f3n individual \/ Personal Protective Equipment Awareness Training Elija el idioma \/ Choose language 3 Videos Introduction 21:00 Espa\u00f1ol 19:00 English 19:00 Confirmar Visualizaci\u00f3n \/ Confirm Display Loading the Form&#8230;<\/p>","protected":false},"author":7,"featured_media":0,"parent":1855,"menu_order":0,"comment_status":"closed","ping_status":"closed","template":"","meta":{"inline_featured_image":false,"_kad_blocks_custom_css":"","_kad_blocks_head_custom_js":"","_kad_blocks_body_custom_js":"","_kad_blocks_footer_custom_js":"","_kad_post_transparent":"","_kad_post_title":"","_kad_post_layout":"","_kad_post_sidebar_id":"","_kad_post_content_style":"","_kad_post_vertical_padding":"","_kad_post_feature":"","_kad_post_feature_position":"","_kad_post_header":false,"_kad_post_footer":false,"footnotes":""},"class_list":["post-6549","page","type-page","status-publish","hentry"],"featured_image_src_large":false,"author_info":{"display_name":"Juanita\u200b Sanchez","author_link":"https:\/\/quantum-staffing.com\/es\/author\/csr-plainfield\/"},"comment_info":0,"taxonomy_info":[],"_links":{"self":[{"href":"https:\/\/quantum-staffing.com\/es\/wp-json\/wp\/v2\/pages\/6549","targetHints":{"allow":["GET"]}}],"collection":[{"href":"https:\/\/quantum-staffing.com\/es\/wp-json\/wp\/v2\/pages"}],"about":[{"href":"https:\/\/quantum-staffing.com\/es\/wp-json\/wp\/v2\/types\/page"}],"author":[{"embeddable":true,"href":"https:\/\/quantum-staffing.com\/es\/wp-json\/wp\/v2\/users\/7"}],"replies":[{"embeddable":true,"href":"https:\/\/quantum-staffing.com\/es\/wp-json\/wp\/v2\/comments?post=6549"}],"version-history":[{"count":4,"href":"https:\/\/quantum-staffing.com\/es\/wp-json\/wp\/v2\/pages\/6549\/revisions"}],"predecessor-version":[{"id":6553,"href":"https:\/\/quantum-staffing.com\/es\/wp-json\/wp\/v2\/pages\/6549\/revisions\/6553"}],"up":[{"embeddable":true,"href":"https:\/\/quantum-staffing.com\/es\/wp-json\/wp\/v2\/pages\/1855"}],"wp:attachment":[{"href":"https:\/\/quantum-staffing.com\/es\/wp-json\/wp\/v2\/media?parent=6549"}],"curies":[{"name":"wp","href":"https:\/\/api.w.org\/{rel}","templated":true}]}}