{"id":855,"date":"2023-08-09T14:59:41","date_gmt":"2023-08-09T18:59:41","guid":{"rendered":"https:\/\/quantum-staffing.com\/?page_id=855"},"modified":"2023-08-09T15:28:18","modified_gmt":"2023-08-09T19:28:18","slug":"politicas-y-reglas-generales-de-western-post","status":"publish","type":"page","link":"https:\/\/quantum-staffing.com\/es\/politicas-y-reglas-generales-de-western-post\/","title":{"rendered":"Pol\u00edticas y Reglas Generales de Western Post"},"content":{"rendered":"<h2 class=\"wp-block-heading has-text-align-center\"><strong>Pol\u00edticas y Reglas Generales de Western Post<\/strong><\/h2>\n\n\n\n<p>Como parte del compromiso de operar en un entorno seguro y armonioso en&nbsp;<strong>Western Post<\/strong>, es fundamental que todos los miembros del equipo est\u00e9n al tanto y cumplan con las&nbsp;<strong>pol\u00edticas y reglas generales de la empresa.<\/strong><\/p>\n\n\n\n<p>Por favor, dedica unos&nbsp;<strong>minutos<\/strong>&nbsp;a revisar detenidamente las Pol\u00edticas y Reglas Generales de Western Post.<\/p>\n\n\n\n<p>Con el prop\u00f3sito de mantener nuestros est\u00e1ndares de seguridad y desempe\u00f1o con la m\u00e1s alta calidad.<\/p>\n\n\n\n<p><strong>1. SEGURIDAD PRIMERO<\/strong>: La seguridad de todos los asociados es la prioridad de todos. Todos los empleados est\u00e1n supuestos a seguir protocolos de seguridad y reportar cualquier peligro o violaci\u00f3n de seguridad.<\/p>\n\n\n\n<p><strong>2. CALIDAD DEL TRABAJO:<\/strong>&nbsp;Se espera que todos los asociados cumplan y mantengan el mismo nivel de dedicaci\u00f3n y compromiso relacionado con las necesidades de la compa\u00f1\u00eda. Todas las indicaciones ser\u00e1n dadas por los Supervisores y L\u00edderes el primer d\u00eda. Ninguna pregunta es muy simple o f\u00e1cil, si hay cualquier duda o inquietud, por favor, comun\u00edquese con su superior inmediato.<\/p>\n\n\n\n<p><strong>3. PUNTUALIDAD Y ASISTENCIA:<\/strong>&nbsp;La puntualidad es crucial. Se espera que todos los empleados sigan los horarios programados y comuniquen prontamente en caso de alg\u00fan conflicto con el horario o situaci\u00f3n inesperada. Tenga en cuenta que ausencia frecuente y llegadas tarde conllevan a acciones correctivas; Overtime debe ser aprobado por su supervisor o manager; Reporte a su supervisor si tiene alg\u00fan error al ponchar.<\/p>\n\n\n\n<p><strong>4. CONDUCTA PROFESIONAL:<\/strong>&nbsp;Se espera de todos los empleados que mantengan su nivel de profesionalismo y comportamiento \u00e9tico en todo momento relacionado con actividades laborales.<\/p>\n\n\n\n<p><strong>5. ESTACI\u00d3N DE TRABAJO PROFESIONAL:<\/strong>&nbsp;Para asegurar y mantener un ambiente laboral seguro, productivo y profesional para todos los empleados, debe tener en cuenta:<\/p>\n\n\n\n<ul class=\"wp-block-list\">\n<li><strong>Pol\u00edtica NO drogas \/ NO alcohol:<\/strong>&nbsp;Est\u00e1 prohibido el uso de sustancias que alteren su desempe\u00f1o. El uso de estas puede conllevar al t\u00e9rmino de su contrataci\u00f3n o acciones disciplinarias.<\/li>\n\n\n\n<li><strong>C\u00f3digo de vestir:&nbsp;<\/strong>La presentaci\u00f3n y uso de elementos de protecci\u00f3n son esenciales para la integridad del empleado y seguridad del trabajo. Debe usar en todo momento chaleco reflectivo de seguridad, zapatos de trabajo cerrados, vestimenta adecuada para el trabajo que est\u00e1 desempe\u00f1ando.<\/li>\n<\/ul>\n\n\n\n<p><strong>6. RESPETO E INCLUSI\u00d3N:<\/strong>&nbsp;Los valores y diversidad de todos los miembros del equipo componen un valor fundamental para la compa\u00f1\u00eda y por este motivo deben mantener el respeto.<\/p>\n\n\n\n<p><strong>7. CONFIDENCIALIDAD:&nbsp;<\/strong>Toda informaci\u00f3n proporcionada por la compa\u00f1\u00eda, como clientes, bases de datos, mercanc\u00eda y dem\u00e1s propiedad intelectual, debe ser reservada para uso exclusivo de la compa\u00f1\u00eda.<\/p>\n\n\n\n<p><strong>8. COMUNICACI\u00d3N:&nbsp;<\/strong>Comunicaci\u00f3n abierta y clara es esencial para una sociedad exitosa. Por favor, comunique actualizaciones, preguntas o cualquier situaci\u00f3n con diligencia y buscando clarificaci\u00f3n si se necesita.<\/p>\n\n\n\n<p><strong>9. SISTEMA DE PROMOCI\u00d3N:&nbsp;<\/strong>Todos los miembros de la compa\u00f1\u00eda est\u00e1n complacidos de contar con su apoyo. Por esta raz\u00f3n, se tiene en cuenta para evaluar el desempe\u00f1o, seguridad y asistencia con el prop\u00f3sito de premiar a los empleados que constantemente exhiben su dedicaci\u00f3n, alcanzan resultados de alta calidad y contribuyen a un entorno laboral productivo.<\/p>\n\n\n\n<ul class=\"wp-block-list\">\n<li><strong>Compromiso de desempe\u00f1o:&nbsp;<\/strong>Los empleados que van m\u00e1s all\u00e1 de sus responsabilidades, muestran innovaci\u00f3n y alcanzan o exceden los objetivos de desempe\u00f1o para comprometerse con los valores de la compa\u00f1\u00eda ser\u00e1n considerados para promoci\u00f3n. Evaluaciones de desempe\u00f1o ser\u00e1n llevadas a cabo regularmente.<\/li>\n\n\n\n<li><strong>Compromiso de seguridad:&nbsp;<\/strong>Los empleados que mantienen y promueven est\u00e1ndares de seguridad altos para contribuir en la cultura de trabajo en la compa\u00f1\u00eda ser\u00e1n reconocidos y considerados para promoci\u00f3n. Su compromiso con las pol\u00edticas de seguridad son cruciales para el \u00e9xito.<\/li>\n\n\n\n<li><strong>Asistencia y apoyo:<\/strong>&nbsp;La asistencia y apoyo son factores clave para el proceso de crecimiento del empleado en la compa\u00f1\u00eda y el funcionamiento de las operaciones. Aquellos que siempre llegan al trabajo a tiempo, cumplen con su compromiso y demuestran confianza en los roles que desempe\u00f1an ser\u00e1n considerados para promoci\u00f3n.<\/li>\n<\/ul>\n\n\nPor favor, seleccione una forma v\u00e1lida\n\n\n<p><strong><em>Tratamiento de Datos Personales:<\/em><\/strong><\/p>\n\n\n\n<p>Tu privacidad es importante para nosotros. Al completar este formulario y proporcionar tus datos, est\u00e1s aceptando que tratemos tus datos de acuerdo con nuestra&nbsp;<a href=\"https:\/\/quantum-staffing.com\/es\/privacy-policy\/\">Pol\u00edtica de Privacidad<\/a>. Los datos recopilados se utilizar\u00e1n solo para fines relacionados con la gesti\u00f3n de recursos humanos y cumplimiento de obligaciones legales. Para m\u00e1s detalles, consulta nuestra pol\u00edtica completa en el enlace proporcionado. Si tienes preguntas, cont\u00e1ctanos a trav\u00e9s de&nbsp;<a href=\"mailto:contact@quantum-staffing.com\">contact@quantum-staffing.com<\/a>.<\/p>\n\n\n\n<p>Al enviar este formulario, confirmas tu acuerdo con nuestras pr\u00e1cticas de tratamiento de datos personales.<\/p>","protected":false},"excerpt":{"rendered":"<p>Pol\u00edticas y Reglas Generales de Western Post Como parte del compromiso de operar en un entorno seguro y armonioso en&nbsp;Western Post, es fundamental que todos los miembros del equipo est\u00e9n al tanto y cumplan con las&nbsp;pol\u00edticas y reglas generales de la empresa. Por favor, dedica unos&nbsp;minutos&nbsp;a revisar detenidamente las Pol\u00edticas y Reglas Generales de Western&#8230;<\/p>","protected":false},"author":21,"featured_media":0,"parent":0,"menu_order":0,"comment_status":"closed","ping_status":"closed","template":"","meta":{"inline_featured_image":false,"_kad_blocks_custom_css":"","_kad_blocks_head_custom_js":"","_kad_blocks_body_custom_js":"","_kad_blocks_footer_custom_js":"","_kad_post_transparent":"","_kad_post_title":"","_kad_post_layout":"","_kad_post_sidebar_id":"","_kad_post_content_style":"","_kad_post_vertical_padding":"","_kad_post_feature":"","_kad_post_feature_position":"","_kad_post_header":false,"_kad_post_footer":false,"footnotes":""},"class_list":["post-855","page","type-page","status-publish","hentry"],"featured_image_src_large":false,"author_info":{"display_name":"Jose Pertuz","author_link":"https:\/\/quantum-staffing.com\/es\/author\/jose-pertuz\/"},"comment_info":0,"taxonomy_info":[],"_links":{"self":[{"href":"https:\/\/quantum-staffing.com\/es\/wp-json\/wp\/v2\/pages\/855","targetHints":{"allow":["GET"]}}],"collection":[{"href":"https:\/\/quantum-staffing.com\/es\/wp-json\/wp\/v2\/pages"}],"about":[{"href":"https:\/\/quantum-staffing.com\/es\/wp-json\/wp\/v2\/types\/page"}],"author":[{"embeddable":true,"href":"https:\/\/quantum-staffing.com\/es\/wp-json\/wp\/v2\/users\/21"}],"replies":[{"embeddable":true,"href":"https:\/\/quantum-staffing.com\/es\/wp-json\/wp\/v2\/comments?post=855"}],"version-history":[{"count":4,"href":"https:\/\/quantum-staffing.com\/es\/wp-json\/wp\/v2\/pages\/855\/revisions"}],"predecessor-version":[{"id":860,"href":"https:\/\/quantum-staffing.com\/es\/wp-json\/wp\/v2\/pages\/855\/revisions\/860"}],"wp:attachment":[{"href":"https:\/\/quantum-staffing.com\/es\/wp-json\/wp\/v2\/media?parent=855"}],"curies":[{"name":"wp","href":"https:\/\/api.w.org\/{rel}","templated":true}]}}